{"id":108,"date":"2019-09-26T11:10:53","date_gmt":"2019-09-26T14:10:53","guid":{"rendered":"http:\/\/localhost\/GDL\/wordpress\/?page_id=108"},"modified":"2022-08-02T14:15:19","modified_gmt":"2022-08-02T17:15:19","slug":"metodologia","status":"publish","type":"page","link":"https:\/\/goldeletra.org.br\/en\/metodologia\/","title":{"rendered":"METHODOLOGY"},"content":{"rendered":"\n<p>Funda\u00e7\u00e3o Gol de Letra works with the Integral Education concept, which considers human being\u00b4s education and development, as a whole. Based on it, the Foundation develops programs and projects with activities involving:<\/p>\n\n\n\n<ul class=\"wp-block-gallery columns-3 is-cropped wp-block-gallery-1 is-layout-flex wp-block-gallery-is-layout-flex\"><li class=\"blocks-gallery-item\"><figure><img decoding=\"async\" src=\"https:\/\/goldeletra.org.br\/wp-content\/uploads\/2019\/12\/esporte-en-1.svg\" alt=\"\" data-id=\"980\" data-link=\"https:\/en\/metodologia\/esporte-en-1\/\" class=\"wp-image-980\"\/><\/figure><\/li><li class=\"blocks-gallery-item\"><figure><img decoding=\"async\" src=\"https:\/\/goldeletra.org.br\/wp-content\/uploads\/2019\/12\/lazer-en-1.svg\" alt=\"\" data-id=\"981\" data-link=\"https:\/en\/metodologia\/lazer-en-1\/\" class=\"wp-image-981\"\/><\/figure><\/li><li class=\"blocks-gallery-item\"><figure><img decoding=\"async\" src=\"https:\/\/goldeletra.org.br\/wp-content\/uploads\/2019\/12\/oficinas-en-1.svg\" alt=\"\" data-id=\"982\" data-link=\"https:\/en\/metodologia\/oficinas-en-1\/\" class=\"wp-image-982\"\/><\/figure><\/li><li class=\"blocks-gallery-item\"><figure><img decoding=\"async\" src=\"https:\/\/goldeletra.org.br\/wp-content\/uploads\/2019\/12\/qualificacao-en-1.svg\" alt=\"\" data-id=\"983\" data-link=\"https:\/en\/metodologia\/qualificacao-en-1\/\" class=\"wp-image-983\"\/><\/figure><\/li><li class=\"blocks-gallery-item\"><figure><img decoding=\"async\" src=\"https:\/\/goldeletra.org.br\/wp-content\/uploads\/2019\/12\/articulacao-en-1.svg\" alt=\"\" data-id=\"984\" data-link=\"https:\/en\/metodologia\/articulacao-en-1\/\" class=\"wp-image-984\"\/><\/figure><\/li><li class=\"blocks-gallery-item\"><figure><img decoding=\"async\" src=\"https:\/\/goldeletra.org.br\/wp-content\/uploads\/2019\/12\/educacao-en-1.svg\" alt=\"\" data-id=\"985\" data-link=\"https:\/en\/metodologia\/educacao-en-1\/\" class=\"wp-image-985\"\/><\/figure><\/li><li class=\"blocks-gallery-item\"><figure><img decoding=\"async\" src=\"https:\/\/goldeletra.org.br\/wp-content\/uploads\/2019\/12\/capacitacao-en-1.svg\" alt=\"\" data-id=\"986\" data-link=\"https:\/en\/metodologia\/capacitacao-en-1\/\" class=\"wp-image-986\"\/><\/figure><\/li><li class=\"blocks-gallery-item\"><figure><img decoding=\"async\" src=\"https:\/\/goldeletra.org.br\/wp-content\/uploads\/2019\/12\/genero-en-1.svg\" alt=\"\" data-id=\"987\" data-link=\"https:\/en\/metodologia\/genero-en-1\/\" class=\"wp-image-987\"\/><\/figure><\/li><li class=\"blocks-gallery-item\"><figure><img decoding=\"async\" src=\"https:\/\/goldeletra.org.br\/wp-content\/uploads\/2019\/12\/formacao-en-1.svg\" alt=\"\" data-id=\"988\" data-link=\"https:\/en\/metodologia\/formacao-en-1\/\" class=\"wp-image-988\"\/><\/figure><\/li><\/ul>\n\n\n\n<p>The targeted public is chosen according to its grade of social vulnerability and risk, following the criteria of Social Assistance National Politics (PNAS 2004), which considers the focus on the family and the importance of the social assistance aspect of the actions, with the objective of developing contexts of social protection regarding families and communities.<\/p>\n\n\n\n<section class=\"secao  section--cinza\"><div class=\"conteudo\">\n\n\n\n<\/div><\/section>\n\n\n\n<h3 class=\"wp-block-heading\">The activities are linked to the following requirements:<\/h3>\n\n\n\n<div class=\"bloco\" style=\"border: 6px solid #F1BA04;\">\n<div class=\"bloco__conteudo\" style=\"color: #f1ba04;\">\n<p>Implementation in the&nbsp;<strong>city\u00b4s peripherical<\/strong>&nbsp;and<br><strong>socially vulnerable<\/strong>&nbsp;districts:<\/p>\n<\/div>\n<\/div>\n\n\n\n<div class=\"bloco\" style=\"border: 6px solid #1CA0D0;\">\n<div class=\"bloco__conteudo\" style=\"color: #1ca0d0;\">\n<p>Getting acquainted to and interact in the&nbsp;<strong>community\u00b4s social networks<\/strong>, being aware of issues related to territorial reach, diversity, life status and cultural influences.<\/p>\n<\/div>\n<\/div>\n\n\n\n<div class=\"bloco\" style=\"border: 6px solid #DE2729;\">\n<div class=\"bloco__conteudo\" style=\"color: #de2729;\">\n<p><strong>Performing social interventions<\/strong>&nbsp;together with Public Power, without any intention to replace the State\u00b4s role, in fact, dialoguing with the different areas and exercising a&nbsp;<strong>cooperative work with local or inter-sectorial partners<\/strong>, in view of guaranteeing the citizens\u00b4 rights.<\/p>\n<\/div>\n<\/div>\n\n\n\n<div class=\"tarja\" style=\"background-color: #8f8f8f;\">\n<div class=\"container\">\n<figure class=\"tarja__figure\"><figure><img decoding=\"async\" src=\"http:\/\/refinariadesign.com.br\/FGL\/wordpress\/wp-content\/uploads\/2019\/10\/icon-lampada.svg\" alt=\"\"><\/figure><\/figure>\n<p>Learn more about our&nbsp;<a href=\"https:\/en\/programas-e-projetos\/\">\u201cPrograms and Projects\u201d<\/a>.<\/p>\n<\/div>\n<\/div>\n","protected":false},"excerpt":{"rendered":"<p>Funda\u00e7\u00e3o Gol de Letra works with the Integral Education concept, which considers human being\u00b4s education and development, as a whole. Based on it, the Foundation develops programs and projects with activities involving: The targeted public is chosen according to its grade of social vulnerability and risk, following the criteria of Social Assistance National Politics (PNAS [&hellip;]<\/p>\n","protected":false},"author":1,"featured_media":756,"parent":0,"menu_order":0,"comment_status":"closed","ping_status":"closed","template":"","meta":{"inline_featured_image":false,"footnotes":""},"class_list":["post-108","page","type-page","status-publish","has-post-thumbnail","hentry"],"yoast_head":"<!-- This site is optimized with the Yoast SEO plugin v26.6 - https:\/\/yoast.com\/wordpress\/plugins\/seo\/ -->\n<title>METHODOLOGY<\/title>\n<meta name=\"robots\" content=\"index, follow, max-snippet:-1, max-image-preview:large, max-video-preview:-1\" \/>\n<link rel=\"canonical\" href=\"https:\/\/goldeletra.org.br\/en\/metodologia\/\" \/>\n<meta property=\"og:locale\" content=\"en_US\" \/>\n<meta property=\"og:locale:alternate\" content=\"pt_BR\" \/>\n<meta property=\"og:locale:alternate\" content=\"fr\" \/>\n<meta property=\"og:type\" content=\"article\" \/>\n<meta property=\"og:title\" content=\"METHODOLOGY\" \/>\n<meta property=\"og:description\" content=\"Funda\u00e7\u00e3o Gol de Letra works with the Integral Education concept, which considers human being\u00b4s education and development, as a whole. Based on it, the Foundation develops programs and projects with activities involving: The targeted public is chosen according to its grade of social vulnerability and risk, following the criteria of Social Assistance National Politics (PNAS [&hellip;]\" \/>\n<meta property=\"og:url\" content=\"https:\/\/goldeletra.org.br\/en\/metodologia\/\" \/>\n<meta property=\"og:site_name\" content=\"Funda\u00e7\u00e3o Gol de Letra\" \/>\n<meta property=\"article:publisher\" content=\"https:\/\/www.facebook.com\/FundacaoGolDeLetra\" \/>\n<meta property=\"article:modified_time\" content=\"2022-08-02T17:15:19+00:00\" \/>\n<meta property=\"og:image\" content=\"https:\/\/goldeletra.org.br\/wp-content\/uploads\/2019\/11\/banner-3.jpg\" \/>\n\t<meta property=\"og:image:width\" content=\"1500\" \/>\n\t<meta property=\"og:image:height\" content=\"531\" \/>\n\t<meta property=\"og:image:type\" content=\"image\/jpeg\" \/>\n<meta name=\"twitter:card\" content=\"summary_large_image\" \/>\n<meta name=\"twitter:label1\" content=\"Est. reading time\" \/>\n\t<meta name=\"twitter:data1\" content=\"3 minutes\" \/>\n<script type=\"application\/ld+json\" class=\"yoast-schema-graph\">{\"@context\":\"https:\/\/schema.org\",\"@graph\":[{\"@type\":\"WebPage\",\"@id\":\"https:\/\/goldeletra.org.br\/metodologia\/\",\"url\":\"https:\/\/goldeletra.org.br\/metodologia\/\",\"name\":\"METHODOLOGY\",\"isPartOf\":{\"@id\":\"https:\/\/goldeletra.org.br\/#website\"},\"primaryImageOfPage\":{\"@id\":\"https:\/\/goldeletra.org.br\/metodologia\/#primaryimage\"},\"image\":{\"@id\":\"https:\/\/goldeletra.org.br\/metodologia\/#primaryimage\"},\"thumbnailUrl\":\"https:\/\/goldeletra.org.br\/wp-content\/uploads\/2019\/11\/banner-3.jpg\",\"datePublished\":\"2019-09-26T14:10:53+00:00\",\"dateModified\":\"2022-08-02T17:15:19+00:00\",\"breadcrumb\":{\"@id\":\"https:\/\/goldeletra.org.br\/metodologia\/#breadcrumb\"},\"inLanguage\":\"en-US\",\"potentialAction\":[{\"@type\":\"ReadAction\",\"target\":[\"https:\/\/goldeletra.org.br\/metodologia\/\"]}]},{\"@type\":\"ImageObject\",\"inLanguage\":\"en-US\",\"@id\":\"https:\/\/goldeletra.org.br\/metodologia\/#primaryimage\",\"url\":\"https:\/\/goldeletra.org.br\/wp-content\/uploads\/2019\/11\/banner-3.jpg\",\"contentUrl\":\"https:\/\/goldeletra.org.br\/wp-content\/uploads\/2019\/11\/banner-3.jpg\",\"width\":1500,\"height\":531},{\"@type\":\"BreadcrumbList\",\"@id\":\"https:\/\/goldeletra.org.br\/metodologia\/#breadcrumb\",\"itemListElement\":[{\"@type\":\"ListItem\",\"position\":1,\"name\":\"Home\",\"item\":\"https:\/\/goldeletra.org.br\/\"},{\"@type\":\"ListItem\",\"position\":2,\"name\":\"Metodologia\"}]},{\"@type\":\"WebSite\",\"@id\":\"https:\/\/goldeletra.org.br\/#website\",\"url\":\"https:\/\/goldeletra.org.br\/\",\"name\":\"Funda\u00e7\u00e3o Gol de Letra\",\"description\":\"Organiza\u00e7\u00e3o sem fins lucrativos que contribui com a educa\u00e7\u00e3o de crian\u00e7as e jovens de comunidades populares para que tenham mais perspectivas de vida.\",\"publisher\":{\"@id\":\"https:\/\/goldeletra.org.br\/#organization\"},\"potentialAction\":[{\"@type\":\"SearchAction\",\"target\":{\"@type\":\"EntryPoint\",\"urlTemplate\":\"https:\/\/goldeletra.org.br\/?s={search_term_string}\"},\"query-input\":{\"@type\":\"PropertyValueSpecification\",\"valueRequired\":true,\"valueName\":\"search_term_string\"}}],\"inLanguage\":\"en-US\"},{\"@type\":\"Organization\",\"@id\":\"https:\/\/goldeletra.org.br\/#organization\",\"name\":\"Funda\u00e7\u00e3o Gol de Letra\",\"url\":\"https:\/\/goldeletra.org.br\/\",\"logo\":{\"@type\":\"ImageObject\",\"inLanguage\":\"en-US\",\"@id\":\"https:\/\/goldeletra.org.br\/#\/schema\/logo\/image\/\",\"url\":\"https:\/\/goldeletra.org.br\/wp-content\/uploads\/2020\/01\/logo.svg\",\"contentUrl\":\"https:\/\/goldeletra.org.br\/wp-content\/uploads\/2020\/01\/logo.svg\",\"caption\":\"Funda\u00e7\u00e3o Gol de Letra\"},\"image\":{\"@id\":\"https:\/\/goldeletra.org.br\/#\/schema\/logo\/image\/\"},\"sameAs\":[\"https:\/\/www.facebook.com\/FundacaoGolDeLetra\",\"https:\/\/www.instagram.com\/goldeletrabr\/\"]}]}<\/script>\n<!-- \/ Yoast SEO plugin. -->","yoast_head_json":{"title":"METHODOLOGY","robots":{"index":"index","follow":"follow","max-snippet":"max-snippet:-1","max-image-preview":"max-image-preview:large","max-video-preview":"max-video-preview:-1"},"canonical":"https:\/\/goldeletra.org.br\/en\/metodologia\/","og_locale":"en_US","og_type":"article","og_title":"[:en]METHODOLOGY[:pt]Metodologia[:fr]P\u00c9DAGOGIE[:] - Funda\u00e7\u00e3o Gol de Letra","og_description":"Funda\u00e7\u00e3o Gol de Letra works with the Integral Education concept, which considers human being\u00b4s education and development, as a whole. Based on it, the Foundation develops programs and projects with activities involving: The targeted public is chosen according to its grade of social vulnerability and risk, following the criteria of Social Assistance National Politics (PNAS [&hellip;]","og_url":"https:\/\/goldeletra.org.br\/en\/metodologia\/","og_site_name":"Funda\u00e7\u00e3o Gol de Letra","article_publisher":"https:\/\/www.facebook.com\/FundacaoGolDeLetra","article_modified_time":"2022-08-02T17:15:19+00:00","og_image":[{"width":1500,"height":531,"url":"https:\/\/goldeletra.org.br\/wp-content\/uploads\/2019\/11\/banner-3.jpg","type":"image\/jpeg"}],"twitter_card":"summary_large_image","twitter_misc":{"Est. reading time":"3 minutes"},"schema":{"@context":"https:\/\/schema.org","@graph":[{"@type":"WebPage","@id":"https:\/\/goldeletra.org.br\/metodologia\/","url":"https:\/\/goldeletra.org.br\/metodologia\/","name":"METHODOLOGY","isPartOf":{"@id":"https:\/\/goldeletra.org.br\/#website"},"primaryImageOfPage":{"@id":"https:\/\/goldeletra.org.br\/metodologia\/#primaryimage"},"image":{"@id":"https:\/\/goldeletra.org.br\/metodologia\/#primaryimage"},"thumbnailUrl":"https:\/\/goldeletra.org.br\/wp-content\/uploads\/2019\/11\/banner-3.jpg","datePublished":"2019-09-26T14:10:53+00:00","dateModified":"2022-08-02T17:15:19+00:00","breadcrumb":{"@id":"https:\/\/goldeletra.org.br\/metodologia\/#breadcrumb"},"inLanguage":"en-US","potentialAction":[{"@type":"ReadAction","target":["https:\/\/goldeletra.org.br\/metodologia\/"]}]},{"@type":"ImageObject","inLanguage":"en-US","@id":"https:\/\/goldeletra.org.br\/metodologia\/#primaryimage","url":"https:\/\/goldeletra.org.br\/wp-content\/uploads\/2019\/11\/banner-3.jpg","contentUrl":"https:\/\/goldeletra.org.br\/wp-content\/uploads\/2019\/11\/banner-3.jpg","width":1500,"height":531},{"@type":"BreadcrumbList","@id":"https:\/\/goldeletra.org.br\/metodologia\/#breadcrumb","itemListElement":[{"@type":"ListItem","position":1,"name":"Home","item":"https:\/\/goldeletra.org.br\/"},{"@type":"ListItem","position":2,"name":"Metodologia"}]},{"@type":"WebSite","@id":"https:\/\/goldeletra.org.br\/#website","url":"https:\/\/goldeletra.org.br\/","name":"Funda\u00e7\u00e3o Gol de Letra","description":"Organiza\u00e7\u00e3o sem fins lucrativos que contribui com a educa\u00e7\u00e3o de crian\u00e7as e jovens de comunidades populares para que tenham mais perspectivas de vida.","publisher":{"@id":"https:\/\/goldeletra.org.br\/#organization"},"potentialAction":[{"@type":"SearchAction","target":{"@type":"EntryPoint","urlTemplate":"https:\/\/goldeletra.org.br\/?s={search_term_string}"},"query-input":{"@type":"PropertyValueSpecification","valueRequired":true,"valueName":"search_term_string"}}],"inLanguage":"en-US"},{"@type":"Organization","@id":"https:\/\/goldeletra.org.br\/#organization","name":"Funda\u00e7\u00e3o Gol de Letra","url":"https:\/\/goldeletra.org.br\/","logo":{"@type":"ImageObject","inLanguage":"en-US","@id":"https:\/\/goldeletra.org.br\/#\/schema\/logo\/image\/","url":"https:\/\/goldeletra.org.br\/wp-content\/uploads\/2020\/01\/logo.svg","contentUrl":"https:\/\/goldeletra.org.br\/wp-content\/uploads\/2020\/01\/logo.svg","caption":"Funda\u00e7\u00e3o Gol de Letra"},"image":{"@id":"https:\/\/goldeletra.org.br\/#\/schema\/logo\/image\/"},"sameAs":["https:\/\/www.facebook.com\/FundacaoGolDeLetra","https:\/\/www.instagram.com\/goldeletrabr\/"]}]}},"_links":{"self":[{"href":"https:\/\/goldeletra.org.br\/en\/wp-json\/wp\/v2\/pages\/108","targetHints":{"allow":["GET"]}}],"collection":[{"href":"https:\/\/goldeletra.org.br\/en\/wp-json\/wp\/v2\/pages"}],"about":[{"href":"https:\/\/goldeletra.org.br\/en\/wp-json\/wp\/v2\/types\/page"}],"author":[{"embeddable":true,"href":"https:\/\/goldeletra.org.br\/en\/wp-json\/wp\/v2\/users\/1"}],"replies":[{"embeddable":true,"href":"https:\/\/goldeletra.org.br\/en\/wp-json\/wp\/v2\/comments?post=108"}],"version-history":[{"count":89,"href":"https:\/\/goldeletra.org.br\/en\/wp-json\/wp\/v2\/pages\/108\/revisions"}],"predecessor-version":[{"id":4327,"href":"https:\/\/goldeletra.org.br\/en\/wp-json\/wp\/v2\/pages\/108\/revisions\/4327"}],"wp:featuredmedia":[{"embeddable":true,"href":"https:\/\/goldeletra.org.br\/en\/wp-json\/wp\/v2\/media\/756"}],"wp:attachment":[{"href":"https:\/\/goldeletra.org.br\/en\/wp-json\/wp\/v2\/media?parent=108"}],"curies":[{"name":"wp","href":"https:\/\/api.w.org\/{rel}","templated":true}]}}