{"id":118,"date":"2019-09-26T11:13:28","date_gmt":"2019-09-26T14:13:28","guid":{"rendered":"http:\/\/localhost\/GDL\/wordpress\/?page_id=118"},"modified":"2020-12-01T13:32:58","modified_gmt":"2020-12-01T15:32:58","slug":"socio-titular","status":"publish","type":"page","link":"https:\/\/goldeletra.org.br\/en\/doe\/socio-titular\/","title":{"rendered":"Pessoa F\u00edsica"},"content":{"rendered":"\n<div class=\"tarja\" style=\"background-color:#1CA0D0\"><div class=\"container\"><figure class=\"tarja__figure\"><img decoding=\"async\" src=\"https:\/\/goldeletra.org.br\/wp-content\/uploads\/2020\/06\/LogoSocioTitular.png\" alt=\"\"\/><\/figure><p> A GENTE JOGA JUNTO PELA MUDAN\u00c7A<\/p><\/div><\/div>\n\n\n\n<div class=\"wp-block-columns has-2-columns is-layout-flex wp-container-core-columns-is-layout-1 wp-block-columns-is-layout-flex\">\n<div class=\"wp-block-column is-layout-flow wp-block-column-is-layout-flow\">\n<figure class=\"wp-block-embed-youtube wp-block-embed is-type-video is-provider-youtube wp-embed-aspect-16-9 wp-has-aspect-ratio\"><div class=\"wp-block-embed__wrapper\">\n<iframe loading=\"lazy\" title=\"S\u00f3cio Titular - Funda\u00e7\u00e3o Gol de Letra\" width=\"500\" height=\"281\" src=\"https:\/\/www.youtube.com\/embed\/kOvcTGyN5A8?feature=oembed\" frameborder=\"0\" allow=\"accelerometer; autoplay; clipboard-write; encrypted-media; gyroscope; picture-in-picture; web-share\" referrerpolicy=\"strict-origin-when-cross-origin\" allowfullscreen><\/iframe>\n<\/div><\/figure>\n<\/div>\n\n\n\n<div class=\"wp-block-column is-layout-flow wp-block-column-is-layout-flow\">\n<div class=\"bloco\" style=\"border:2px solid #F1BA04\"><figure class=\"bloco__figure\"><img decoding=\"async\" src=\"https:\/\/goldeletra.org.br\/wp-content\/uploads\/2019\/11\/socio.png\" alt=\"\"\/><\/figure><div class=\"bloco__conteudo\" style=\"color:#F1BA04\"><h4 class=\"bloco__titulo\"><\/h4><p> A partir de apenas<br> <strong>R$30,00<\/strong><br> voc\u00ea colabora com o futuro<br>de milhares de crian\u00e7as! <\/p><\/div><\/div>\n<\/div>\n<\/div>\n\n\n\n<div class=\"wp-block-columns has-2-columns is-layout-flex wp-container-core-columns-is-layout-2 wp-block-columns-is-layout-flex\">\n<div class=\"wp-block-column is-layout-flow wp-block-column-is-layout-flow\">\n<div class=\"wp-block-wpseed-container\">\n<h3 class=\"wp-block-heading\">Colabore com a transforma\u00e7\u00e3o da vida de milhares de crian\u00e7as e jovens em situa\u00e7\u00e3o de vulnerabilidade social.<\/h3>\n\n\n\n<p>Preencha seus dados, clique em cadastrar e siga adiante para selecionar o valor de sua doa\u00e7\u00e3o<\/p>\n\n\n\n<div class=\"wpcf7 no-js\" id=\"wpcf7-f910-o1\" lang=\"pt-BR\" dir=\"ltr\" data-wpcf7-id=\"910\">\n<div class=\"screen-reader-response\"><p role=\"status\" aria-live=\"polite\" aria-atomic=\"true\"><\/p> <ul><\/ul><\/div>\n<form action=\"\/en\/wp-json\/wp\/v2\/pages\/118#wpcf7-f910-o1\" method=\"post\" class=\"wpcf7-form init\" aria-label=\"Formul\u00e1rios de contato\" novalidate=\"novalidate\" data-status=\"init\">\n<fieldset class=\"hidden-fields-container\"><input type=\"hidden\" name=\"_wpcf7\" value=\"910\" \/><input type=\"hidden\" name=\"_wpcf7_version\" value=\"6.1.4\" \/><input type=\"hidden\" name=\"_wpcf7_locale\" value=\"pt_BR\" \/><input type=\"hidden\" name=\"_wpcf7_unit_tag\" value=\"wpcf7-f910-o1\" \/><input type=\"hidden\" name=\"_wpcf7_container_post\" value=\"0\" \/><input type=\"hidden\" name=\"_wpcf7_posted_data_hash\" value=\"\" \/><input type=\"hidden\" name=\"lang\" value=\"en\" \/><input type=\"hidden\" name=\"_wpcf7_recaptcha_response\" value=\"\" \/>\n<\/fieldset>\n<p><label>Nome:<br \/>\n<span class=\"wpcf7-form-control-wrap\" data-name=\"nome\"><input size=\"40\" maxlength=\"400\" class=\"wpcf7-form-control wpcf7-text wpcf7-validates-as-required\" aria-required=\"true\" aria-invalid=\"false\" value=\"\" type=\"text\" name=\"nome\" \/><\/span><\/label>\n<\/p>\n<p><label>Email:<br \/>\n<span class=\"wpcf7-form-control-wrap\" data-name=\"email\"><input size=\"40\" maxlength=\"400\" class=\"wpcf7-form-control wpcf7-email wpcf7-validates-as-required wpcf7-text wpcf7-validates-as-email\" aria-required=\"true\" aria-invalid=\"false\" value=\"\" type=\"email\" name=\"email\" \/><\/span><\/label>\n<\/p>\n<p><label>Telefone:<br \/>\n<span class=\"wpcf7-form-control-wrap\" data-name=\"mobile_phone\"><input size=\"40\" maxlength=\"400\" class=\"wpcf7-form-control wpcf7-tel wpcf7-validates-as-required wpcf7-text wpcf7-validates-as-tel\" aria-required=\"true\" aria-invalid=\"false\" value=\"\" type=\"tel\" name=\"mobile_phone\" \/><\/span><\/label>\n<\/p>\n<p><label>Estado:<br \/>\n<span class=\"wpcf7-form-control-wrap\" data-name=\"estado\"><input size=\"40\" maxlength=\"400\" class=\"wpcf7-form-control wpcf7-text wpcf7-validates-as-required\" aria-required=\"true\" aria-invalid=\"false\" value=\"\" type=\"text\" name=\"estado\" \/><\/span><\/label>\n<\/p>\n<p><label><span class=\"wpcf7-form-control-wrap\" data-name=\"aceito_comunicacoes\"><span class=\"wpcf7-form-control wpcf7-acceptance optional\"><span class=\"wpcf7-list-item\"><label><input type=\"checkbox\" name=\"aceito_comunicacoes\" value=\"1\" checked=\"checked\" aria-invalid=\"false\" \/><span class=\"wpcf7-list-item-label\">Autorizo o envio de comunicados e informes pela Funda\u00e7\u00e3o Gol de Letra?<\/span><\/label><\/span><\/span><\/span><\/label>\n<\/p>\n<p><label><span class=\"wpcf7-form-control-wrap\" data-name=\"aceito_politica_privacidade\"><span class=\"wpcf7-form-control wpcf7-acceptance\"><span class=\"wpcf7-list-item\"><input type=\"checkbox\" name=\"aceito_politica_privacidade\" value=\"1\" aria-invalid=\"false\" \/><\/span><\/span><\/span> Li e aceito a <a href=\"https:\/\/goldeletra.org.br\/wp-content\/uploads\/2021\/04\/2021_Pol%C3%ADtica-de-Privacidade.pdf\" target=\"_blank\">pol\u00edtica de privacidade<\/a><\/label>\n<\/p>\n<p><input class=\"wpcf7-form-control wpcf7-submit has-spinner\" type=\"submit\" value=\"Cadastrar\" \/>\n<\/p>\n<p><script>\ndocument.addEventListener( 'wpcf7mailsent', function( event ) {\n location = 'https:\/\/doe.goldeletra.org.br\/';\n}, false );\n<\/script>\n<\/p><p style=\"display: none !important;\" class=\"akismet-fields-container\" data-prefix=\"_wpcf7_ak_\"><label>&#916;<textarea name=\"_wpcf7_ak_hp_textarea\" cols=\"45\" rows=\"8\" maxlength=\"100\"><\/textarea><\/label><input type=\"hidden\" id=\"ak_js_1\" name=\"_wpcf7_ak_js\" value=\"131\"\/><script>document.getElementById( \"ak_js_1\" ).setAttribute( \"value\", ( new Date() ).getTime() );<\/script><\/p><div class=\"wpcf7-response-output\" aria-hidden=\"true\"><\/div>\n<\/form>\n<\/div>\n\n<\/div>\n\n\n\n<\/div>\n\n\n\n<div class=\"wp-block-column is-layout-flow wp-block-column-is-layout-flow\">\n<h3 class=\"wp-block-heading\">PARTICIPE DA MINHA HIST\u00d3RIA<\/h3>\n\n\n\n<p>H\u00e1 20 anos, a Funda\u00e7\u00e3o Gol de Letra sonhava com&nbsp;<strong>um mundo melhor.<\/strong><\/p>\n\n\n\n<p>Um mundo que tivesse o&nbsp;<strong>esp\u00edrito inclusivo do esporte<\/strong>&nbsp;e que transformasse terrenos baldios em quadras.<\/p>\n\n\n\n<p>Passes de bola em&nbsp;<strong>oportunidades.<\/strong><br>Muros que excluem em&nbsp;<strong>lousas que incluem.<\/strong><\/p>\n\n\n\n<p>Um mundo capaz de&nbsp;<strong>acolher para empoderar.<\/strong><\/p>\n\n\n\n<p>Mas hoje sabemos que&nbsp;<strong>n\u00e3o basta sonhar.<\/strong><\/p>\n\n\n\n<p>Precisamos tamb\u00e9m entrar em campo vestindo&nbsp;<strong>a camisa do outro.<\/strong><\/p>\n\n\n\n<p>Encarar as adversidades, incentivar o time que agora tamb\u00e9m \u00e9 nosso, e virar o jogo do passado para&nbsp;<strong>melhorar o futuro.<\/strong><\/p>\n\n\n\n<p>Porque al\u00e9m de sonhar, a gente tamb\u00e9m pode<strong>&nbsp;jogar junto pela mudan\u00e7a.<\/strong><\/p>\n<\/div>\n<\/div>\n","protected":false},"excerpt":{"rendered":"<p>PARTICIPE DA MINHA HIST\u00d3RIA H\u00e1 20 anos, a Funda\u00e7\u00e3o Gol de Letra sonhava com&nbsp;um mundo melhor. Um mundo que tivesse o&nbsp;esp\u00edrito inclusivo do esporte&nbsp;e que transformasse terrenos baldios em quadras. Passes de bola em&nbsp;oportunidades.Muros que excluem em&nbsp;lousas que incluem. Um mundo capaz de&nbsp;acolher para empoderar. Mas hoje sabemos que&nbsp;n\u00e3o basta sonhar. Precisamos tamb\u00e9m entrar em [&hellip;]<\/p>\n","protected":false},"author":1,"featured_media":0,"parent":116,"menu_order":0,"comment_status":"closed","ping_status":"closed","template":"","meta":{"inline_featured_image":false,"footnotes":""},"class_list":["post-118","page","type-page","status-publish","hentry"],"yoast_head":"<!-- This site is optimized with the Yoast SEO plugin v26.6 - https:\/\/yoast.com\/wordpress\/plugins\/seo\/ -->\n<title>Pessoa F\u00edsica<\/title>\n<meta name=\"robots\" content=\"index, follow, max-snippet:-1, max-image-preview:large, max-video-preview:-1\" \/>\n<link rel=\"canonical\" href=\"https:\/\/goldeletra.org.br\/en\/doe\/socio-titular\/\" \/>\n<meta property=\"og:locale\" content=\"en_US\" \/>\n<meta property=\"og:locale:alternate\" content=\"pt_BR\" \/>\n<meta property=\"og:locale:alternate\" content=\"fr\" \/>\n<meta property=\"og:type\" content=\"article\" \/>\n<meta property=\"og:title\" content=\"Pessoa F\u00edsica\" \/>\n<meta property=\"og:description\" content=\"PARTICIPE DA MINHA HIST\u00d3RIA H\u00e1 20 anos, a Funda\u00e7\u00e3o Gol de Letra sonhava com&nbsp;um mundo melhor. Um mundo que tivesse o&nbsp;esp\u00edrito inclusivo do esporte&nbsp;e que transformasse terrenos baldios em quadras. Passes de bola em&nbsp;oportunidades.Muros que excluem em&nbsp;lousas que incluem. Um mundo capaz de&nbsp;acolher para empoderar. Mas hoje sabemos que&nbsp;n\u00e3o basta sonhar. Precisamos tamb\u00e9m entrar em [&hellip;]\" \/>\n<meta property=\"og:url\" content=\"https:\/\/goldeletra.org.br\/en\/doe\/socio-titular\/\" \/>\n<meta property=\"og:site_name\" content=\"Funda\u00e7\u00e3o Gol de Letra\" \/>\n<meta property=\"article:publisher\" content=\"https:\/\/www.facebook.com\/FundacaoGolDeLetra\" \/>\n<meta property=\"article:modified_time\" content=\"2020-12-01T15:32:58+00:00\" \/>\n<meta property=\"og:image\" content=\"https:\/\/goldeletra.org.br\/wp-content\/uploads\/2020\/06\/LogoSocioTitular.png\" \/>\n<meta name=\"twitter:card\" content=\"summary_large_image\" \/>\n<meta name=\"twitter:label1\" content=\"Est. reading time\" \/>\n\t<meta name=\"twitter:data1\" content=\"2 minutes\" \/>\n<script type=\"application\/ld+json\" class=\"yoast-schema-graph\">{\"@context\":\"https:\/\/schema.org\",\"@graph\":[{\"@type\":\"WebPage\",\"@id\":\"https:\/\/goldeletra.org.br\/doe\/socio-titular\/\",\"url\":\"https:\/\/goldeletra.org.br\/doe\/socio-titular\/\",\"name\":\"Pessoa F\u00edsica\",\"isPartOf\":{\"@id\":\"https:\/\/goldeletra.org.br\/#website\"},\"primaryImageOfPage\":{\"@id\":\"https:\/\/goldeletra.org.br\/doe\/socio-titular\/#primaryimage\"},\"image\":{\"@id\":\"https:\/\/goldeletra.org.br\/doe\/socio-titular\/#primaryimage\"},\"thumbnailUrl\":\"https:\/\/goldeletra.org.br\/wp-content\/uploads\/2020\/06\/LogoSocioTitular.png\",\"datePublished\":\"2019-09-26T14:13:28+00:00\",\"dateModified\":\"2020-12-01T15:32:58+00:00\",\"breadcrumb\":{\"@id\":\"https:\/\/goldeletra.org.br\/doe\/socio-titular\/#breadcrumb\"},\"inLanguage\":\"en-US\",\"potentialAction\":[{\"@type\":\"ReadAction\",\"target\":[\"https:\/\/goldeletra.org.br\/doe\/socio-titular\/\"]}]},{\"@type\":\"ImageObject\",\"inLanguage\":\"en-US\",\"@id\":\"https:\/\/goldeletra.org.br\/doe\/socio-titular\/#primaryimage\",\"url\":\"https:\/\/goldeletra.org.br\/wp-content\/uploads\/2020\/06\/LogoSocioTitular.png\",\"contentUrl\":\"https:\/\/goldeletra.org.br\/wp-content\/uploads\/2020\/06\/LogoSocioTitular.png\"},{\"@type\":\"BreadcrumbList\",\"@id\":\"https:\/\/goldeletra.org.br\/doe\/socio-titular\/#breadcrumb\",\"itemListElement\":[{\"@type\":\"ListItem\",\"position\":1,\"name\":\"Home\",\"item\":\"https:\/\/goldeletra.org.br\/\"},{\"@type\":\"ListItem\",\"position\":2,\"name\":\"Doe\",\"item\":\"https:\/\/goldeletra.org.br\/doe\/\"},{\"@type\":\"ListItem\",\"position\":3,\"name\":\"Pessoa F\u00edsica\"}]},{\"@type\":\"WebSite\",\"@id\":\"https:\/\/goldeletra.org.br\/#website\",\"url\":\"https:\/\/goldeletra.org.br\/\",\"name\":\"Funda\u00e7\u00e3o Gol de Letra\",\"description\":\"Organiza\u00e7\u00e3o sem fins lucrativos que contribui com a educa\u00e7\u00e3o de crian\u00e7as e jovens de comunidades populares para que tenham mais perspectivas de vida.\",\"publisher\":{\"@id\":\"https:\/\/goldeletra.org.br\/#organization\"},\"potentialAction\":[{\"@type\":\"SearchAction\",\"target\":{\"@type\":\"EntryPoint\",\"urlTemplate\":\"https:\/\/goldeletra.org.br\/?s={search_term_string}\"},\"query-input\":{\"@type\":\"PropertyValueSpecification\",\"valueRequired\":true,\"valueName\":\"search_term_string\"}}],\"inLanguage\":\"en-US\"},{\"@type\":\"Organization\",\"@id\":\"https:\/\/goldeletra.org.br\/#organization\",\"name\":\"Funda\u00e7\u00e3o Gol de Letra\",\"url\":\"https:\/\/goldeletra.org.br\/\",\"logo\":{\"@type\":\"ImageObject\",\"inLanguage\":\"en-US\",\"@id\":\"https:\/\/goldeletra.org.br\/#\/schema\/logo\/image\/\",\"url\":\"https:\/\/goldeletra.org.br\/wp-content\/uploads\/2020\/01\/logo.svg\",\"contentUrl\":\"https:\/\/goldeletra.org.br\/wp-content\/uploads\/2020\/01\/logo.svg\",\"caption\":\"Funda\u00e7\u00e3o Gol de Letra\"},\"image\":{\"@id\":\"https:\/\/goldeletra.org.br\/#\/schema\/logo\/image\/\"},\"sameAs\":[\"https:\/\/www.facebook.com\/FundacaoGolDeLetra\",\"https:\/\/www.instagram.com\/goldeletrabr\/\"]}]}<\/script>\n<!-- \/ Yoast SEO plugin. -->","yoast_head_json":{"title":"Pessoa F\u00edsica","robots":{"index":"index","follow":"follow","max-snippet":"max-snippet:-1","max-image-preview":"max-image-preview:large","max-video-preview":"max-video-preview:-1"},"canonical":"https:\/\/goldeletra.org.br\/en\/doe\/socio-titular\/","og_locale":"en_US","og_type":"article","og_title":"[:pt]Pessoa F\u00edsica[:fr]Faire un don[:] - Funda\u00e7\u00e3o Gol de Letra","og_description":"PARTICIPE DA MINHA HIST\u00d3RIA H\u00e1 20 anos, a Funda\u00e7\u00e3o Gol de Letra sonhava com&nbsp;um mundo melhor. Um mundo que tivesse o&nbsp;esp\u00edrito inclusivo do esporte&nbsp;e que transformasse terrenos baldios em quadras. Passes de bola em&nbsp;oportunidades.Muros que excluem em&nbsp;lousas que incluem. Um mundo capaz de&nbsp;acolher para empoderar. Mas hoje sabemos que&nbsp;n\u00e3o basta sonhar. Precisamos tamb\u00e9m entrar em [&hellip;]","og_url":"https:\/\/goldeletra.org.br\/en\/doe\/socio-titular\/","og_site_name":"Funda\u00e7\u00e3o Gol de Letra","article_publisher":"https:\/\/www.facebook.com\/FundacaoGolDeLetra","article_modified_time":"2020-12-01T15:32:58+00:00","og_image":[{"url":"https:\/\/goldeletra.org.br\/wp-content\/uploads\/2020\/06\/LogoSocioTitular.png","type":"","width":"","height":""}],"twitter_card":"summary_large_image","twitter_misc":{"Est. reading time":"2 minutes"},"schema":{"@context":"https:\/\/schema.org","@graph":[{"@type":"WebPage","@id":"https:\/\/goldeletra.org.br\/doe\/socio-titular\/","url":"https:\/\/goldeletra.org.br\/doe\/socio-titular\/","name":"Pessoa F\u00edsica","isPartOf":{"@id":"https:\/\/goldeletra.org.br\/#website"},"primaryImageOfPage":{"@id":"https:\/\/goldeletra.org.br\/doe\/socio-titular\/#primaryimage"},"image":{"@id":"https:\/\/goldeletra.org.br\/doe\/socio-titular\/#primaryimage"},"thumbnailUrl":"https:\/\/goldeletra.org.br\/wp-content\/uploads\/2020\/06\/LogoSocioTitular.png","datePublished":"2019-09-26T14:13:28+00:00","dateModified":"2020-12-01T15:32:58+00:00","breadcrumb":{"@id":"https:\/\/goldeletra.org.br\/doe\/socio-titular\/#breadcrumb"},"inLanguage":"en-US","potentialAction":[{"@type":"ReadAction","target":["https:\/\/goldeletra.org.br\/doe\/socio-titular\/"]}]},{"@type":"ImageObject","inLanguage":"en-US","@id":"https:\/\/goldeletra.org.br\/doe\/socio-titular\/#primaryimage","url":"https:\/\/goldeletra.org.br\/wp-content\/uploads\/2020\/06\/LogoSocioTitular.png","contentUrl":"https:\/\/goldeletra.org.br\/wp-content\/uploads\/2020\/06\/LogoSocioTitular.png"},{"@type":"BreadcrumbList","@id":"https:\/\/goldeletra.org.br\/doe\/socio-titular\/#breadcrumb","itemListElement":[{"@type":"ListItem","position":1,"name":"Home","item":"https:\/\/goldeletra.org.br\/"},{"@type":"ListItem","position":2,"name":"Doe","item":"https:\/\/goldeletra.org.br\/doe\/"},{"@type":"ListItem","position":3,"name":"Pessoa F\u00edsica"}]},{"@type":"WebSite","@id":"https:\/\/goldeletra.org.br\/#website","url":"https:\/\/goldeletra.org.br\/","name":"Funda\u00e7\u00e3o Gol de Letra","description":"Organiza\u00e7\u00e3o sem fins lucrativos que contribui com a educa\u00e7\u00e3o de crian\u00e7as e jovens de comunidades populares para que tenham mais perspectivas de vida.","publisher":{"@id":"https:\/\/goldeletra.org.br\/#organization"},"potentialAction":[{"@type":"SearchAction","target":{"@type":"EntryPoint","urlTemplate":"https:\/\/goldeletra.org.br\/?s={search_term_string}"},"query-input":{"@type":"PropertyValueSpecification","valueRequired":true,"valueName":"search_term_string"}}],"inLanguage":"en-US"},{"@type":"Organization","@id":"https:\/\/goldeletra.org.br\/#organization","name":"Funda\u00e7\u00e3o Gol de Letra","url":"https:\/\/goldeletra.org.br\/","logo":{"@type":"ImageObject","inLanguage":"en-US","@id":"https:\/\/goldeletra.org.br\/#\/schema\/logo\/image\/","url":"https:\/\/goldeletra.org.br\/wp-content\/uploads\/2020\/01\/logo.svg","contentUrl":"https:\/\/goldeletra.org.br\/wp-content\/uploads\/2020\/01\/logo.svg","caption":"Funda\u00e7\u00e3o Gol de Letra"},"image":{"@id":"https:\/\/goldeletra.org.br\/#\/schema\/logo\/image\/"},"sameAs":["https:\/\/www.facebook.com\/FundacaoGolDeLetra","https:\/\/www.instagram.com\/goldeletrabr\/"]}]}},"_links":{"self":[{"href":"https:\/\/goldeletra.org.br\/en\/wp-json\/wp\/v2\/pages\/118","targetHints":{"allow":["GET"]}}],"collection":[{"href":"https:\/\/goldeletra.org.br\/en\/wp-json\/wp\/v2\/pages"}],"about":[{"href":"https:\/\/goldeletra.org.br\/en\/wp-json\/wp\/v2\/types\/page"}],"author":[{"embeddable":true,"href":"https:\/\/goldeletra.org.br\/en\/wp-json\/wp\/v2\/users\/1"}],"replies":[{"embeddable":true,"href":"https:\/\/goldeletra.org.br\/en\/wp-json\/wp\/v2\/comments?post=118"}],"version-history":[{"count":27,"href":"https:\/\/goldeletra.org.br\/en\/wp-json\/wp\/v2\/pages\/118\/revisions"}],"predecessor-version":[{"id":2707,"href":"https:\/\/goldeletra.org.br\/en\/wp-json\/wp\/v2\/pages\/118\/revisions\/2707"}],"up":[{"embeddable":true,"href":"https:\/\/goldeletra.org.br\/en\/wp-json\/wp\/v2\/pages\/116"}],"wp:attachment":[{"href":"https:\/\/goldeletra.org.br\/en\/wp-json\/wp\/v2\/media?parent=118"}],"curies":[{"name":"wp","href":"https:\/\/api.w.org\/{rel}","templated":true}]}}