{"id":120,"date":"2019-09-26T11:13:48","date_gmt":"2019-09-26T14:13:48","guid":{"rendered":"http:\/\/localhost\/GDL\/wordpress\/?page_id=120"},"modified":"2020-12-07T12:37:52","modified_gmt":"2020-12-07T14:37:52","slug":"empresas","status":"publish","type":"page","link":"https:\/\/goldeletra.org.br\/en\/doe\/empresas\/","title":{"rendered":"Pessoa Jur\u00eddica"},"content":{"rendered":"\n<div class=\"tarja\" style=\"background-color:#F39323\"><div class=\"container\"><p><strong>Donate now \/\/<\/strong>\u00a0Individual Full Membership<br>Your company can help Gol de Letra Foundation to increase the life perspective of children, teenagers and young people.\u00a0<strong>Take part in our team!<\/strong><\/p><\/div><\/div>\n\n\n\n<p>To maintain your donation, please provide the required personal and financial data<\/p>\n\n\n\n<div class=\"wpcf7 no-js\" id=\"wpcf7-f904-o1\" lang=\"pt-BR\" dir=\"ltr\" data-wpcf7-id=\"904\">\n<div class=\"screen-reader-response\"><p role=\"status\" aria-live=\"polite\" aria-atomic=\"true\"><\/p> <ul><\/ul><\/div>\n<form action=\"\/en\/wp-json\/wp\/v2\/pages\/120#wpcf7-f904-o1\" method=\"post\" class=\"wpcf7-form init\" aria-label=\"Formul\u00e1rios de contato\" novalidate=\"novalidate\" data-status=\"init\">\n<fieldset class=\"hidden-fields-container\"><input type=\"hidden\" name=\"_wpcf7\" value=\"904\" \/><input type=\"hidden\" name=\"_wpcf7_version\" value=\"6.1.4\" \/><input type=\"hidden\" name=\"_wpcf7_locale\" value=\"pt_BR\" \/><input type=\"hidden\" name=\"_wpcf7_unit_tag\" value=\"wpcf7-f904-o1\" \/><input type=\"hidden\" name=\"_wpcf7_container_post\" value=\"0\" \/><input type=\"hidden\" name=\"_wpcf7_posted_data_hash\" value=\"\" \/><input type=\"hidden\" name=\"lang\" value=\"en\" \/><input type=\"hidden\" name=\"_wpcf7_recaptcha_response\" value=\"\" \/>\n<\/fieldset>\n<div>\n\t<p><label>Name:<br \/>\n<span class=\"wpcf7-form-control-wrap\" data-name=\"senderName\"><input size=\"40\" maxlength=\"400\" class=\"wpcf7-form-control wpcf7-text wpcf7-validates-as-required\" aria-required=\"true\" aria-invalid=\"false\" value=\"\" type=\"text\" name=\"senderName\" \/><\/span><br \/>\n<\/label>\n\t<\/p>\n\t<p><label>Surname:<br \/>\n<span class=\"wpcf7-form-control-wrap\" data-name=\"senderSobrenome\"><input size=\"40\" maxlength=\"400\" class=\"wpcf7-form-control wpcf7-text wpcf7-validates-as-required\" aria-required=\"true\" aria-invalid=\"false\" value=\"\" type=\"text\" name=\"senderSobrenome\" \/><\/span><br \/>\n<\/label>\n\t<\/p>\n\t<p><label>E-mail:<br \/>\n<span class=\"wpcf7-form-control-wrap\" data-name=\"senderEmail\"><input size=\"40\" maxlength=\"400\" class=\"wpcf7-form-control wpcf7-email wpcf7-validates-as-required wpcf7-text wpcf7-validates-as-email\" aria-required=\"true\" aria-invalid=\"false\" value=\"\" type=\"email\" name=\"senderEmail\" \/><\/span><br \/>\n<\/label>\n\t<\/p>\n\t<p><label>EIN:<br \/>\n<span class=\"wpcf7-form-control-wrap\" data-name=\"txtCNPJ\"><input size=\"40\" maxlength=\"400\" class=\"wpcf7-form-control wpcf7-text wpcf7-validates-as-required\" aria-required=\"true\" aria-invalid=\"false\" value=\"\" type=\"text\" name=\"txtCNPJ\" \/><\/span><br \/>\n<\/label>\n\t<\/p>\n\t<p><label>Telephone:<br \/>\n<span class=\"wpcf7-form-control-wrap\" data-name=\"senderPhone\"><input size=\"40\" maxlength=\"400\" class=\"wpcf7-form-control wpcf7-tel wpcf7-text wpcf7-validates-as-tel\" aria-invalid=\"false\" value=\"\" type=\"tel\" name=\"senderPhone\" \/><\/span><br \/>\n<\/label>\n\t<\/p>\n\t<p><label>Mobile:<br \/>\n<span class=\"wpcf7-form-control-wrap\" data-name=\"txtCel\"><input size=\"40\" maxlength=\"400\" class=\"wpcf7-form-control wpcf7-tel wpcf7-validates-as-required wpcf7-text wpcf7-validates-as-tel\" aria-required=\"true\" aria-invalid=\"false\" value=\"\" type=\"tel\" name=\"txtCel\" \/><\/span><br \/>\n<\/label>\n\t<\/p>\n<\/div>\n<div>\n\t<p><label>ZIP Code:<br \/>\n<span class=\"wpcf7-form-control-wrap\" data-name=\"shippingAddressPostalCode\"><input size=\"40\" maxlength=\"400\" class=\"wpcf7-form-control wpcf7-text wpcf7-validates-as-required\" aria-required=\"true\" aria-invalid=\"false\" value=\"\" type=\"text\" name=\"shippingAddressPostalCode\" \/><\/span><br \/>\n<\/label>\n\t<\/p>\n\t<p><label>Address:<br \/>\n<span class=\"wpcf7-form-control-wrap\" data-name=\"txtLogradouro\"><input size=\"40\" maxlength=\"400\" class=\"wpcf7-form-control wpcf7-text wpcf7-validates-as-required\" aria-required=\"true\" aria-invalid=\"false\" value=\"\" type=\"text\" name=\"txtLogradouro\" \/><\/span><br \/>\n<\/label>\n\t<\/p>\n\t<div>\n\t\t<div>\n\t\t\t<p><label>Number:<br \/>\n<span class=\"wpcf7-form-control-wrap\" data-name=\"shippingAddressNumber\"><input size=\"40\" maxlength=\"400\" class=\"wpcf7-form-control wpcf7-text wpcf7-validates-as-required\" aria-required=\"true\" aria-invalid=\"false\" value=\"\" type=\"text\" name=\"shippingAddressNumber\" \/><\/span><br \/>\n<\/label>\n\t\t\t<\/p>\n\t\t<\/div>\n\t\t<div>\n\t\t\t<p><label>Complement:<br \/>\n<span class=\"wpcf7-form-control-wrap\" data-name=\"txtApt\"><input size=\"40\" maxlength=\"400\" class=\"wpcf7-form-control wpcf7-text wpcf7-validates-as-required\" aria-required=\"true\" aria-invalid=\"false\" value=\"\" type=\"text\" name=\"txtApt\" \/><\/span><br \/>\n<\/label>\n\t\t\t<\/p>\n\t\t<\/div>\n\t<\/div>\n\t<p><label>District:<br \/>\n<span class=\"wpcf7-form-control-wrap\" data-name=\"txtBairro\"><input size=\"40\" maxlength=\"400\" class=\"wpcf7-form-control wpcf7-text wpcf7-validates-as-required\" aria-required=\"true\" aria-invalid=\"false\" value=\"\" type=\"text\" name=\"txtBairro\" \/><\/span><br \/>\n<\/label>\n\t<\/p>\n\t<p><label>Town:<br \/>\n<span class=\"wpcf7-form-control-wrap\" data-name=\"txtCidade\"><input size=\"40\" maxlength=\"400\" class=\"wpcf7-form-control wpcf7-text wpcf7-validates-as-required\" aria-required=\"true\" aria-invalid=\"false\" value=\"\" type=\"text\" name=\"txtCidade\" \/><\/span><br \/>\n<\/label>\n\t<\/p>\n\t<p><label>State:<br \/>\n<span class=\"wpcf7-form-control-wrap\" data-name=\"txtUF\"><input size=\"40\" maxlength=\"400\" class=\"wpcf7-form-control wpcf7-text wpcf7-validates-as-required\" aria-required=\"true\" aria-invalid=\"false\" value=\"\" type=\"text\" name=\"txtUF\" \/><\/span><br \/>\n<\/label>\n\t<\/p>\n\t<p><span class=\"wpcf7-form-control-wrap\" data-name=\"txtAceiteTermoPrivacidade\"><span class=\"wpcf7-form-control wpcf7-acceptance\"><span class=\"wpcf7-list-item\"><label><input type=\"checkbox\" name=\"txtAceiteTermoPrivacidade\" value=\"1\" aria-invalid=\"false\" \/><span class=\"wpcf7-list-item-label\">I have read and accept the privacy policy<\/span><\/label><\/span><\/span><\/span>\n\t<\/p>\n\t<p><span class=\"wpcf7-form-control-wrap\" data-name=\"txtCampanhas:\"><span class=\"wpcf7-form-control wpcf7-acceptance optional\"><span class=\"wpcf7-list-item\"><label><input type=\"checkbox\" name=\"txtCampanhas:\" value=\"1\" aria-invalid=\"false\" \/><span class=\"wpcf7-list-item-label\">I do not wish to receive information and campaigns from the Gol de Letra Foundation:<\/span><\/label><\/span><\/span><\/span>\n\t<\/p>\n\t<p><span class=\"wpcf7-form-control-wrap\" data-name=\"txtCampanhas:\"><span class=\"wpcf7-form-control wpcf7-acceptance optional\"><span class=\"wpcf7-list-item\"><label><input type=\"checkbox\" name=\"txtCampanhas:\" value=\"1\" aria-invalid=\"false\" \/><span class=\"wpcf7-list-item-label\">Please do not disclose my name as Full Member of the Gol de Letra Foundation:<\/span><\/label><\/span><\/span><\/span>\n\t<\/p>\n\t<p><input class=\"wpcf7-form-control wpcf7-submit has-spinner\" type=\"submit\" value=\"Next\" \/>\n\t<\/p>\n<\/div><p style=\"display: none !important;\" class=\"akismet-fields-container\" data-prefix=\"_wpcf7_ak_\"><label>&#916;<textarea name=\"_wpcf7_ak_hp_textarea\" cols=\"45\" rows=\"8\" maxlength=\"100\"><\/textarea><\/label><input type=\"hidden\" id=\"ak_js_1\" name=\"_wpcf7_ak_js\" value=\"166\"\/><script>document.getElementById( \"ak_js_1\" ).setAttribute( \"value\", ( new Date() ).getTime() );<\/script><\/p><div class=\"wpcf7-response-output\" aria-hidden=\"true\"><\/div>\n<\/form>\n<\/div>\n\n\n\n\n<h3 class=\"wp-block-heading\">CHECK OTHER DONATION FORMS<\/h3>\n\n\n\n<div class=\"wp-block-columns has-3-columns is-layout-flex wp-container-core-columns-is-layout-1 wp-block-columns-is-layout-flex\">\n<div class=\"wp-block-column is-layout-flow wp-block-column-is-layout-flow\">\n<figure class=\"wp-block-image\"><img loading=\"lazy\" decoding=\"async\" width=\"49\" height=\"48\" src=\"http:\/\/localhost:3000:3000\/GDL\/wordpress\/wp-content\/uploads\/2019\/11\/seja.png\" alt=\"\" class=\"wp-image-876\"\/><\/figure>\n\n\n\n<h4 class=\"wp-block-heading\">Be a Partner<\/h4>\n\n\n\n<p><strong><em>Direct Financial Investment<\/em><\/strong><\/p>\n\n\n\n<p>Financial contribution to be used in one Gol de Letra\u00b4s already existing programs or in a customized program in partnership with Funda\u00e7\u00e3o, either done via direct assistance or via the Dissemination area.<\/p>\n\n\n\n<p><strong><em>Donation via Tax Incentive Law<\/em><\/strong><\/p>\n\n\n\n<p>It\u00b4s used by the Government to foster companies and individuals to choose the destination of part of their collectable taxes, thus contributing to Project development. In fact, the Government waives part of the collectable taxes to contribute to the execution of social, cultural, educational, heath care and sports activities that are beneficial to the population. The investor, by its turn, supports positive and transforming projects developed in the country.<\/p>\n\n\n\n<p><strong><em>Donation of products and services<\/em><\/strong><\/p>\n\n\n\n<p><strong>Information:<\/strong><\/p>\n\n\n\n<p><strong>Rio de Janeiro<\/strong><\/p>\n\n\n\n<p><a href=\"tel:+552138959001\">(21) 3895-9001<\/a><\/p>\n\n\n\n<p><strong>S\u00e3o Paulo<\/strong><\/p>\n\n\n\n<p><a href=\"tel:+551122065522\">(11) 2206-5522<\/a><\/p>\n\n\n\n<p><a href=\"mailto:projetos@goldeletra.com.br\">projetos@goldeletra.com.br<\/a><br><\/p>\n<\/div>\n\n\n\n<div class=\"wp-block-column is-layout-flow wp-block-column-is-layout-flow\">\n<figure class=\"wp-block-image\"><img loading=\"lazy\" decoding=\"async\" width=\"48\" height=\"48\" src=\"http:\/\/localhost:3000:3000\/GDL\/wordpress\/wp-content\/uploads\/2019\/11\/campanhas.png\" alt=\"\" class=\"wp-image-877\"\/><\/figure>\n\n\n\n<h4 class=\"wp-block-heading\">Mobilization Campaigns<\/h4>\n\n\n\n<p>Brand Association Campaigns, Client Mobilization, actions with collaborators and\/or suppliers, viewing the collection of funds or materials.<\/p>\n\n\n\n<p><strong>Information:<\/strong><\/p>\n\n\n\n<p><strong>Rio de Janeiro<\/strong><\/p>\n\n\n\n<p><a href=\"tel:+552138959001\">(21) 3895-9001<\/a><\/p>\n\n\n\n<p><strong>S\u00e3o Paulo<\/strong><\/p>\n\n\n\n<p><a href=\"tel:+551122065522\">(11) 2206-5522<\/a><\/p>\n\n\n\n<p><a href=\"mailto:projetos@goldeletra.com.br\">projetos@goldeletra.com.br<\/a><\/p>\n<\/div>\n\n\n\n<div class=\"wp-block-column is-layout-flow wp-block-column-is-layout-flow\">\n<figure class=\"wp-block-image\"><img loading=\"lazy\" decoding=\"async\" width=\"48\" height=\"48\" src=\"http:\/\/localhost:3000:3000\/GDL\/wordpress\/wp-content\/uploads\/2019\/11\/campanhas-1.png\" alt=\"\" class=\"wp-image-878\"\/><\/figure>\n\n\n\n<h4 class=\"wp-block-heading\">Gol de Letra Tournament<\/h4>\n\n\n\n<p>The Companies take part in the annual Corporate Football Championship that takes place in S\u00e3o Paulo and Rio de Janeiro. The revenue is used in the Foundation\u00b4s activities.<\/p>\n\n\n\n<p><a rel=\"noreferrer noopener\" href=\"https:\/\" target=\"_blank\"><strong>Saiba mais<\/strong><\/a><\/p>\n\n\n\n<p><strong>Information:<\/strong><\/p>\n\n\n\n<p><strong>Rio de Janeiro<\/strong><\/p>\n\n\n\n<p><a href=\"tel:+552138959001\">(21) 3895-9001<\/a><\/p>\n\n\n\n<p><strong>S\u00e3o Paulo<\/strong><\/p>\n\n\n\n<p><a href=\"tel:+551122065522\">(11) 2206-5522<\/a><\/p>\n\n\n\n<p><a href=\"mailto:torneio@goldeletra.com.br\">torneio@goldeletra.com.br<\/a><\/p>\n<\/div>\n<\/div>\n\n\n\n<p style=\"text-align:center\"><strong>For more information, please contact:&nbsp;<\/strong><a rel=\"noreferrer noopener\" href=\"mailto:sociotitular@\" target=\"_blank\">sociotitular@<\/a><\/p>\n\n\n<p><!--EndFragment--><\/p>","protected":false},"excerpt":{"rendered":"<p>To maintain your donation, please provide the required personal and financial data CHECK OTHER DONATION FORMS Be a Partner Direct Financial Investment Financial contribution to be used in one Gol de Letra\u00b4s already existing programs or in a customized program in partnership with Funda\u00e7\u00e3o, either done via direct assistance or via the Dissemination area. Donation [&hellip;]<\/p>\n","protected":false},"author":1,"featured_media":0,"parent":116,"menu_order":0,"comment_status":"closed","ping_status":"closed","template":"","meta":{"inline_featured_image":false,"footnotes":""},"class_list":["post-120","page","type-page","status-publish","hentry"],"yoast_head":"<!-- This site is optimized with the Yoast SEO plugin v26.6 - https:\/\/yoast.com\/wordpress\/plugins\/seo\/ -->\n<title>Pessoa Jur\u00eddica<\/title>\n<meta name=\"robots\" content=\"index, follow, max-snippet:-1, max-image-preview:large, max-video-preview:-1\" \/>\n<link rel=\"canonical\" href=\"https:\/\/goldeletra.org.br\/en\/doe\/empresas\/\" \/>\n<meta property=\"og:locale\" content=\"en_US\" \/>\n<meta property=\"og:locale:alternate\" content=\"pt_BR\" \/>\n<meta property=\"og:locale:alternate\" content=\"fr\" \/>\n<meta property=\"og:type\" content=\"article\" \/>\n<meta property=\"og:title\" content=\"Pessoa Jur\u00eddica\" \/>\n<meta property=\"og:description\" content=\"To maintain your donation, please provide the required personal and financial data CHECK OTHER DONATION FORMS Be a Partner Direct Financial Investment Financial contribution to be used in one Gol de Letra\u00b4s already existing programs or in a customized program in partnership with Funda\u00e7\u00e3o, either done via direct assistance or via the Dissemination area. Donation [&hellip;]\" \/>\n<meta property=\"og:url\" content=\"https:\/\/goldeletra.org.br\/en\/doe\/empresas\/\" \/>\n<meta property=\"og:site_name\" content=\"Funda\u00e7\u00e3o Gol de Letra\" \/>\n<meta property=\"article:publisher\" content=\"https:\/\/www.facebook.com\/FundacaoGolDeLetra\" \/>\n<meta property=\"article:modified_time\" content=\"2020-12-07T14:37:52+00:00\" \/>\n<meta property=\"og:image\" content=\"https:\/\/goldeletra.org.br\/wp-content\/uploads\/2019\/10\/icon-lampada.svg\" \/>\n<meta name=\"twitter:card\" content=\"summary_large_image\" \/>\n<meta name=\"twitter:label1\" content=\"Est. reading time\" \/>\n\t<meta name=\"twitter:data1\" content=\"3 minutes\" \/>\n<script type=\"application\/ld+json\" class=\"yoast-schema-graph\">{\"@context\":\"https:\/\/schema.org\",\"@graph\":[{\"@type\":\"WebPage\",\"@id\":\"https:\/\/goldeletra.org.br\/doe\/empresas\/\",\"url\":\"https:\/\/goldeletra.org.br\/doe\/empresas\/\",\"name\":\"Pessoa Jur\u00eddica\",\"isPartOf\":{\"@id\":\"https:\/\/goldeletra.org.br\/#website\"},\"primaryImageOfPage\":{\"@id\":\"https:\/\/goldeletra.org.br\/doe\/empresas\/#primaryimage\"},\"image\":{\"@id\":\"https:\/\/goldeletra.org.br\/doe\/empresas\/#primaryimage\"},\"thumbnailUrl\":\"https:\/\/goldeletra.org.br\/wp-content\/uploads\/2019\/10\/icon-lampada.svg\",\"datePublished\":\"2019-09-26T14:13:48+00:00\",\"dateModified\":\"2020-12-07T14:37:52+00:00\",\"breadcrumb\":{\"@id\":\"https:\/\/goldeletra.org.br\/doe\/empresas\/#breadcrumb\"},\"inLanguage\":\"en-US\",\"potentialAction\":[{\"@type\":\"ReadAction\",\"target\":[\"https:\/\/goldeletra.org.br\/doe\/empresas\/\"]}]},{\"@type\":\"ImageObject\",\"inLanguage\":\"en-US\",\"@id\":\"https:\/\/goldeletra.org.br\/doe\/empresas\/#primaryimage\",\"url\":\"https:\/\/goldeletra.org.br\/wp-content\/uploads\/2019\/10\/icon-lampada.svg\",\"contentUrl\":\"https:\/\/goldeletra.org.br\/wp-content\/uploads\/2019\/10\/icon-lampada.svg\"},{\"@type\":\"BreadcrumbList\",\"@id\":\"https:\/\/goldeletra.org.br\/doe\/empresas\/#breadcrumb\",\"itemListElement\":[{\"@type\":\"ListItem\",\"position\":1,\"name\":\"Home\",\"item\":\"https:\/\/goldeletra.org.br\/\"},{\"@type\":\"ListItem\",\"position\":2,\"name\":\"Doe\",\"item\":\"https:\/\/goldeletra.org.br\/doe\/\"},{\"@type\":\"ListItem\",\"position\":3,\"name\":\"Pessoa Jur\u00eddica\"}]},{\"@type\":\"WebSite\",\"@id\":\"https:\/\/goldeletra.org.br\/#website\",\"url\":\"https:\/\/goldeletra.org.br\/\",\"name\":\"Funda\u00e7\u00e3o Gol de Letra\",\"description\":\"Organiza\u00e7\u00e3o sem fins lucrativos que contribui com a educa\u00e7\u00e3o de crian\u00e7as e jovens de comunidades populares para que tenham mais perspectivas de vida.\",\"publisher\":{\"@id\":\"https:\/\/goldeletra.org.br\/#organization\"},\"potentialAction\":[{\"@type\":\"SearchAction\",\"target\":{\"@type\":\"EntryPoint\",\"urlTemplate\":\"https:\/\/goldeletra.org.br\/?s={search_term_string}\"},\"query-input\":{\"@type\":\"PropertyValueSpecification\",\"valueRequired\":true,\"valueName\":\"search_term_string\"}}],\"inLanguage\":\"en-US\"},{\"@type\":\"Organization\",\"@id\":\"https:\/\/goldeletra.org.br\/#organization\",\"name\":\"Funda\u00e7\u00e3o Gol de Letra\",\"url\":\"https:\/\/goldeletra.org.br\/\",\"logo\":{\"@type\":\"ImageObject\",\"inLanguage\":\"en-US\",\"@id\":\"https:\/\/goldeletra.org.br\/#\/schema\/logo\/image\/\",\"url\":\"https:\/\/goldeletra.org.br\/wp-content\/uploads\/2020\/01\/logo.svg\",\"contentUrl\":\"https:\/\/goldeletra.org.br\/wp-content\/uploads\/2020\/01\/logo.svg\",\"caption\":\"Funda\u00e7\u00e3o Gol de Letra\"},\"image\":{\"@id\":\"https:\/\/goldeletra.org.br\/#\/schema\/logo\/image\/\"},\"sameAs\":[\"https:\/\/www.facebook.com\/FundacaoGolDeLetra\",\"https:\/\/www.instagram.com\/goldeletrabr\/\"]}]}<\/script>\n<!-- \/ Yoast SEO plugin. -->","yoast_head_json":{"title":"Pessoa Jur\u00eddica","robots":{"index":"index","follow":"follow","max-snippet":"max-snippet:-1","max-image-preview":"max-image-preview:large","max-video-preview":"max-video-preview:-1"},"canonical":"https:\/\/goldeletra.org.br\/en\/doe\/empresas\/","og_locale":"en_US","og_type":"article","og_title":"[:pt]Pessoa Jur\u00eddica[:fr]Don Entreprises[:] - Funda\u00e7\u00e3o Gol de Letra","og_description":"To maintain your donation, please provide the required personal and financial data CHECK OTHER DONATION FORMS Be a Partner Direct Financial Investment Financial contribution to be used in one Gol de Letra\u00b4s already existing programs or in a customized program in partnership with Funda\u00e7\u00e3o, either done via direct assistance or via the Dissemination area. Donation [&hellip;]","og_url":"https:\/\/goldeletra.org.br\/en\/doe\/empresas\/","og_site_name":"Funda\u00e7\u00e3o Gol de Letra","article_publisher":"https:\/\/www.facebook.com\/FundacaoGolDeLetra","article_modified_time":"2020-12-07T14:37:52+00:00","og_image":[{"url":"https:\/\/goldeletra.org.br\/wp-content\/uploads\/2019\/10\/icon-lampada.svg","type":"","width":"","height":""}],"twitter_card":"summary_large_image","twitter_misc":{"Est. reading time":"3 minutes"},"schema":{"@context":"https:\/\/schema.org","@graph":[{"@type":"WebPage","@id":"https:\/\/goldeletra.org.br\/doe\/empresas\/","url":"https:\/\/goldeletra.org.br\/doe\/empresas\/","name":"Pessoa Jur\u00eddica","isPartOf":{"@id":"https:\/\/goldeletra.org.br\/#website"},"primaryImageOfPage":{"@id":"https:\/\/goldeletra.org.br\/doe\/empresas\/#primaryimage"},"image":{"@id":"https:\/\/goldeletra.org.br\/doe\/empresas\/#primaryimage"},"thumbnailUrl":"https:\/\/goldeletra.org.br\/wp-content\/uploads\/2019\/10\/icon-lampada.svg","datePublished":"2019-09-26T14:13:48+00:00","dateModified":"2020-12-07T14:37:52+00:00","breadcrumb":{"@id":"https:\/\/goldeletra.org.br\/doe\/empresas\/#breadcrumb"},"inLanguage":"en-US","potentialAction":[{"@type":"ReadAction","target":["https:\/\/goldeletra.org.br\/doe\/empresas\/"]}]},{"@type":"ImageObject","inLanguage":"en-US","@id":"https:\/\/goldeletra.org.br\/doe\/empresas\/#primaryimage","url":"https:\/\/goldeletra.org.br\/wp-content\/uploads\/2019\/10\/icon-lampada.svg","contentUrl":"https:\/\/goldeletra.org.br\/wp-content\/uploads\/2019\/10\/icon-lampada.svg"},{"@type":"BreadcrumbList","@id":"https:\/\/goldeletra.org.br\/doe\/empresas\/#breadcrumb","itemListElement":[{"@type":"ListItem","position":1,"name":"Home","item":"https:\/\/goldeletra.org.br\/"},{"@type":"ListItem","position":2,"name":"Doe","item":"https:\/\/goldeletra.org.br\/doe\/"},{"@type":"ListItem","position":3,"name":"Pessoa Jur\u00eddica"}]},{"@type":"WebSite","@id":"https:\/\/goldeletra.org.br\/#website","url":"https:\/\/goldeletra.org.br\/","name":"Funda\u00e7\u00e3o Gol de Letra","description":"Organiza\u00e7\u00e3o sem fins lucrativos que contribui com a educa\u00e7\u00e3o de crian\u00e7as e jovens de comunidades populares para que tenham mais perspectivas de vida.","publisher":{"@id":"https:\/\/goldeletra.org.br\/#organization"},"potentialAction":[{"@type":"SearchAction","target":{"@type":"EntryPoint","urlTemplate":"https:\/\/goldeletra.org.br\/?s={search_term_string}"},"query-input":{"@type":"PropertyValueSpecification","valueRequired":true,"valueName":"search_term_string"}}],"inLanguage":"en-US"},{"@type":"Organization","@id":"https:\/\/goldeletra.org.br\/#organization","name":"Funda\u00e7\u00e3o Gol de Letra","url":"https:\/\/goldeletra.org.br\/","logo":{"@type":"ImageObject","inLanguage":"en-US","@id":"https:\/\/goldeletra.org.br\/#\/schema\/logo\/image\/","url":"https:\/\/goldeletra.org.br\/wp-content\/uploads\/2020\/01\/logo.svg","contentUrl":"https:\/\/goldeletra.org.br\/wp-content\/uploads\/2020\/01\/logo.svg","caption":"Funda\u00e7\u00e3o Gol de Letra"},"image":{"@id":"https:\/\/goldeletra.org.br\/#\/schema\/logo\/image\/"},"sameAs":["https:\/\/www.facebook.com\/FundacaoGolDeLetra","https:\/\/www.instagram.com\/goldeletrabr\/"]}]}},"_links":{"self":[{"href":"https:\/\/goldeletra.org.br\/en\/wp-json\/wp\/v2\/pages\/120","targetHints":{"allow":["GET"]}}],"collection":[{"href":"https:\/\/goldeletra.org.br\/en\/wp-json\/wp\/v2\/pages"}],"about":[{"href":"https:\/\/goldeletra.org.br\/en\/wp-json\/wp\/v2\/types\/page"}],"author":[{"embeddable":true,"href":"https:\/\/goldeletra.org.br\/en\/wp-json\/wp\/v2\/users\/1"}],"replies":[{"embeddable":true,"href":"https:\/\/goldeletra.org.br\/en\/wp-json\/wp\/v2\/comments?post=120"}],"version-history":[{"count":24,"href":"https:\/\/goldeletra.org.br\/en\/wp-json\/wp\/v2\/pages\/120\/revisions"}],"predecessor-version":[{"id":2827,"href":"https:\/\/goldeletra.org.br\/en\/wp-json\/wp\/v2\/pages\/120\/revisions\/2827"}],"up":[{"embeddable":true,"href":"https:\/\/goldeletra.org.br\/en\/wp-json\/wp\/v2\/pages\/116"}],"wp:attachment":[{"href":"https:\/\/goldeletra.org.br\/en\/wp-json\/wp\/v2\/media?parent=120"}],"curies":[{"name":"wp","href":"https:\/\/api.w.org\/{rel}","templated":true}]}}