{"id":108,"date":"2019-09-26T11:10:53","date_gmt":"2019-09-26T14:10:53","guid":{"rendered":"http:\/\/localhost\/GDL\/wordpress\/?page_id=108"},"modified":"2022-08-02T14:15:19","modified_gmt":"2022-08-02T17:15:19","slug":"metodologia","status":"publish","type":"page","link":"https:\/\/goldeletra.org.br\/fr\/metodologia\/","title":{"rendered":"P\u00c9DAGOGIE"},"content":{"rendered":"\n<p>La m\u00e9thode p\u00e9dagogique mise en place par la Fondation Gol de Letra repose sur le concept d&rsquo;\u00e9ducation int\u00e9grale, qui consid\u00e8re la formation et le d\u00e9veloppement humain dans son ensemble. <\/p>\n\n\n\n<p>Elle propose diff\u00e9rentes activit\u00e9s: <\/p>\n\n\n\n<figure class=\"wp-block-image\"><img loading=\"lazy\" decoding=\"async\" width=\"942\" height=\"562\" src=\"https:\/\/goldeletra.org.br\/wp-content\/uploads\/2021\/12\/Info1.png\" alt=\"\" class=\"wp-image-3848\" srcset=\"https:\/\/goldeletra.org.br\/wp-content\/uploads\/2021\/12\/Info1.png 942w, https:\/\/goldeletra.org.br\/wp-content\/uploads\/2021\/12\/Info1-300x179.png 300w, https:\/\/goldeletra.org.br\/wp-content\/uploads\/2021\/12\/Info1-768x458.png 768w\" sizes=\"auto, (max-width: 942px) 100vw, 942px\" \/><\/figure>\n\n\n\n<p>Les enfants et les jeunes pris en charge sont choisis selon leur degr\u00e9 de vuln\u00e9rabilit\u00e9 sociale et d\u2019exposition aux risques, d\u00e9finis par les crit\u00e8res de la politique d&rsquo;aide sociale nationale (PNAS 2004). <\/p>\n\n\n\n<p>Cette approche s&rsquo;appuie sur le r\u00f4le central de la famille et sur l&rsquo;importance des actions d&rsquo;aide sociale, dans le but de d\u00e9velopper des cadres de protection sociale familiale et communautaire.<\/p>\n\n\n\n<section class=\"secao  section--cinza\"><div class=\"conteudo\">\n\n\n\n<\/div><\/section>\n\n\n\n<h3 class=\"wp-block-heading\">Les pr\u00e9requis de notre activit\u00e9:<\/h3>\n\n\n\n<div class=\"bloco\" style=\"border:6px solid #F1BA04\"><div class=\"bloco__conteudo\" style=\"color:#F1BA04\"><h4 class=\"bloco__titulo\"><\/h4><p> Notre pr\u00e9sence dans les quartiers en situation de vuln\u00e9rabilit\u00e9 sociale comme une favela<\/p><\/div><\/div>\n\n\n\n<div class=\"bloco\" style=\"border:6px solid #1CA0D0\"><div class=\"bloco__conteudo\" style=\"color:#1CA0D0\"><h4 class=\"bloco__titulo\"><\/h4><p> La connaissance des membres de la communaut\u00e9 pour pouvoir agir en incluant les questions li\u00e9es \u00e0 la diversit\u00e9, aux conditions de vie et aux influences culturelles<\/p><\/div><\/div>\n\n\n\n<div class=\"bloco\" style=\"border:6px solid #DE2729\"><div class=\"bloco__conteudo\" style=\"color:#DE2729\"><h4 class=\"bloco__titulo\"><\/h4><p>Le dialogue permanent avec les pouvoirs publics et la coop\u00e9ration avec les partenaires locaux et intersectoriels pour garantir les droits du citoyen.<\/p><\/div><\/div>\n\n\n\n<div class=\"tarja\" style=\"background-color:#8F8F8F\"><div class=\"container\"><figure class=\"tarja__figure\"><figure><img decoding=\"async\" src=\"http:\/\/refinariadesign.com.br\/FGL\/wordpress\/wp-content\/uploads\/2019\/10\/icon-lampada.svg\" alt=\"\"><\/figure><\/figure><p>En savoir plus sur nos&nbsp;<a href=\"https:\/fr\/programas-e-projetos\/\">Programmes et Projets<\/a>.<\/p><\/div><\/div>\n","protected":false},"excerpt":{"rendered":"<p>La m\u00e9thode p\u00e9dagogique mise en place par la Fondation Gol de Letra repose sur le concept d&rsquo;\u00e9ducation int\u00e9grale, qui consid\u00e8re la formation et le d\u00e9veloppement humain dans son ensemble. Elle propose diff\u00e9rentes activit\u00e9s: Les enfants et les jeunes pris en charge sont choisis selon leur degr\u00e9 de vuln\u00e9rabilit\u00e9 sociale et d\u2019exposition aux risques, d\u00e9finis par [&hellip;]<\/p>\n","protected":false},"author":1,"featured_media":756,"parent":0,"menu_order":0,"comment_status":"closed","ping_status":"closed","template":"","meta":{"inline_featured_image":false,"footnotes":""},"class_list":["post-108","page","type-page","status-publish","has-post-thumbnail","hentry"],"yoast_head":"<!-- This site is optimized with the Yoast SEO plugin v26.6 - https:\/\/yoast.com\/wordpress\/plugins\/seo\/ -->\n<title>P\u00c9DAGOGIE<\/title>\n<meta name=\"robots\" content=\"index, follow, max-snippet:-1, max-image-preview:large, max-video-preview:-1\" \/>\n<link rel=\"canonical\" href=\"https:\/\/goldeletra.org.br\/fr\/metodologia\/\" \/>\n<meta property=\"og:locale\" content=\"fr_FR\" \/>\n<meta property=\"og:locale:alternate\" content=\"en_US\" \/>\n<meta property=\"og:locale:alternate\" content=\"pt_BR\" \/>\n<meta property=\"og:type\" content=\"article\" \/>\n<meta property=\"og:title\" content=\"P\u00c9DAGOGIE\" \/>\n<meta property=\"og:description\" content=\"La m\u00e9thode p\u00e9dagogique mise en place par la Fondation Gol de Letra repose sur le concept d&rsquo;\u00e9ducation int\u00e9grale, qui consid\u00e8re la formation et le d\u00e9veloppement humain dans son ensemble. Elle propose diff\u00e9rentes activit\u00e9s: Les enfants et les jeunes pris en charge sont choisis selon leur degr\u00e9 de vuln\u00e9rabilit\u00e9 sociale et d\u2019exposition aux risques, d\u00e9finis par [&hellip;]\" \/>\n<meta property=\"og:url\" content=\"https:\/\/goldeletra.org.br\/fr\/metodologia\/\" \/>\n<meta property=\"og:site_name\" content=\"Funda\u00e7\u00e3o Gol de Letra\" \/>\n<meta property=\"article:publisher\" content=\"https:\/\/www.facebook.com\/FundacaoGolDeLetra\" \/>\n<meta property=\"article:modified_time\" content=\"2022-08-02T17:15:19+00:00\" \/>\n<meta property=\"og:image\" content=\"https:\/\/goldeletra.org.br\/wp-content\/uploads\/2019\/11\/banner-3.jpg\" \/>\n\t<meta property=\"og:image:width\" content=\"1500\" \/>\n\t<meta property=\"og:image:height\" content=\"531\" \/>\n\t<meta property=\"og:image:type\" content=\"image\/jpeg\" \/>\n<meta name=\"twitter:card\" content=\"summary_large_image\" \/>\n<meta name=\"twitter:label1\" content=\"Dur\u00e9e de lecture estim\u00e9e\" \/>\n\t<meta name=\"twitter:data1\" content=\"3 minutes\" \/>\n<script type=\"application\/ld+json\" class=\"yoast-schema-graph\">{\"@context\":\"https:\/\/schema.org\",\"@graph\":[{\"@type\":\"WebPage\",\"@id\":\"https:\/\/goldeletra.org.br\/metodologia\/\",\"url\":\"https:\/\/goldeletra.org.br\/metodologia\/\",\"name\":\"P\u00c9DAGOGIE\",\"isPartOf\":{\"@id\":\"https:\/\/goldeletra.org.br\/#website\"},\"primaryImageOfPage\":{\"@id\":\"https:\/\/goldeletra.org.br\/metodologia\/#primaryimage\"},\"image\":{\"@id\":\"https:\/\/goldeletra.org.br\/metodologia\/#primaryimage\"},\"thumbnailUrl\":\"https:\/\/goldeletra.org.br\/wp-content\/uploads\/2019\/11\/banner-3.jpg\",\"datePublished\":\"2019-09-26T14:10:53+00:00\",\"dateModified\":\"2022-08-02T17:15:19+00:00\",\"breadcrumb\":{\"@id\":\"https:\/\/goldeletra.org.br\/metodologia\/#breadcrumb\"},\"inLanguage\":\"fr\",\"potentialAction\":[{\"@type\":\"ReadAction\",\"target\":[\"https:\/\/goldeletra.org.br\/metodologia\/\"]}]},{\"@type\":\"ImageObject\",\"inLanguage\":\"fr\",\"@id\":\"https:\/\/goldeletra.org.br\/metodologia\/#primaryimage\",\"url\":\"https:\/\/goldeletra.org.br\/wp-content\/uploads\/2019\/11\/banner-3.jpg\",\"contentUrl\":\"https:\/\/goldeletra.org.br\/wp-content\/uploads\/2019\/11\/banner-3.jpg\",\"width\":1500,\"height\":531},{\"@type\":\"BreadcrumbList\",\"@id\":\"https:\/\/goldeletra.org.br\/metodologia\/#breadcrumb\",\"itemListElement\":[{\"@type\":\"ListItem\",\"position\":1,\"name\":\"Home\",\"item\":\"https:\/\/goldeletra.org.br\/\"},{\"@type\":\"ListItem\",\"position\":2,\"name\":\"Metodologia\"}]},{\"@type\":\"WebSite\",\"@id\":\"https:\/\/goldeletra.org.br\/#website\",\"url\":\"https:\/\/goldeletra.org.br\/\",\"name\":\"Funda\u00e7\u00e3o Gol de Letra\",\"description\":\"Organiza\u00e7\u00e3o sem fins lucrativos que contribui com a educa\u00e7\u00e3o de crian\u00e7as e jovens de comunidades populares para que tenham mais perspectivas de vida.\",\"publisher\":{\"@id\":\"https:\/\/goldeletra.org.br\/#organization\"},\"potentialAction\":[{\"@type\":\"SearchAction\",\"target\":{\"@type\":\"EntryPoint\",\"urlTemplate\":\"https:\/\/goldeletra.org.br\/?s={search_term_string}\"},\"query-input\":{\"@type\":\"PropertyValueSpecification\",\"valueRequired\":true,\"valueName\":\"search_term_string\"}}],\"inLanguage\":\"fr\"},{\"@type\":\"Organization\",\"@id\":\"https:\/\/goldeletra.org.br\/#organization\",\"name\":\"Funda\u00e7\u00e3o Gol de Letra\",\"url\":\"https:\/\/goldeletra.org.br\/\",\"logo\":{\"@type\":\"ImageObject\",\"inLanguage\":\"fr\",\"@id\":\"https:\/\/goldeletra.org.br\/#\/schema\/logo\/image\/\",\"url\":\"https:\/\/goldeletra.org.br\/wp-content\/uploads\/2020\/01\/logo.svg\",\"contentUrl\":\"https:\/\/goldeletra.org.br\/wp-content\/uploads\/2020\/01\/logo.svg\",\"caption\":\"Funda\u00e7\u00e3o Gol de Letra\"},\"image\":{\"@id\":\"https:\/\/goldeletra.org.br\/#\/schema\/logo\/image\/\"},\"sameAs\":[\"https:\/\/www.facebook.com\/FundacaoGolDeLetra\",\"https:\/\/www.instagram.com\/goldeletrabr\/\"]}]}<\/script>\n<!-- \/ Yoast SEO plugin. -->","yoast_head_json":{"title":"P\u00c9DAGOGIE","robots":{"index":"index","follow":"follow","max-snippet":"max-snippet:-1","max-image-preview":"max-image-preview:large","max-video-preview":"max-video-preview:-1"},"canonical":"https:\/\/goldeletra.org.br\/fr\/metodologia\/","og_locale":"fr_FR","og_type":"article","og_title":"[:en]METHODOLOGY[:pt]Metodologia[:fr]P\u00c9DAGOGIE[:] - Funda\u00e7\u00e3o Gol de Letra","og_description":"La m\u00e9thode p\u00e9dagogique mise en place par la Fondation Gol de Letra repose sur le concept d&rsquo;\u00e9ducation int\u00e9grale, qui consid\u00e8re la formation et le d\u00e9veloppement humain dans son ensemble. Elle propose diff\u00e9rentes activit\u00e9s: Les enfants et les jeunes pris en charge sont choisis selon leur degr\u00e9 de vuln\u00e9rabilit\u00e9 sociale et d\u2019exposition aux risques, d\u00e9finis par [&hellip;]","og_url":"https:\/\/goldeletra.org.br\/fr\/metodologia\/","og_site_name":"Funda\u00e7\u00e3o Gol de Letra","article_publisher":"https:\/\/www.facebook.com\/FundacaoGolDeLetra","article_modified_time":"2022-08-02T17:15:19+00:00","og_image":[{"width":1500,"height":531,"url":"https:\/\/goldeletra.org.br\/wp-content\/uploads\/2019\/11\/banner-3.jpg","type":"image\/jpeg"}],"twitter_card":"summary_large_image","twitter_misc":{"Dur\u00e9e de lecture estim\u00e9e":"3 minutes"},"schema":{"@context":"https:\/\/schema.org","@graph":[{"@type":"WebPage","@id":"https:\/\/goldeletra.org.br\/metodologia\/","url":"https:\/\/goldeletra.org.br\/metodologia\/","name":"P\u00c9DAGOGIE","isPartOf":{"@id":"https:\/\/goldeletra.org.br\/#website"},"primaryImageOfPage":{"@id":"https:\/\/goldeletra.org.br\/metodologia\/#primaryimage"},"image":{"@id":"https:\/\/goldeletra.org.br\/metodologia\/#primaryimage"},"thumbnailUrl":"https:\/\/goldeletra.org.br\/wp-content\/uploads\/2019\/11\/banner-3.jpg","datePublished":"2019-09-26T14:10:53+00:00","dateModified":"2022-08-02T17:15:19+00:00","breadcrumb":{"@id":"https:\/\/goldeletra.org.br\/metodologia\/#breadcrumb"},"inLanguage":"fr","potentialAction":[{"@type":"ReadAction","target":["https:\/\/goldeletra.org.br\/metodologia\/"]}]},{"@type":"ImageObject","inLanguage":"fr","@id":"https:\/\/goldeletra.org.br\/metodologia\/#primaryimage","url":"https:\/\/goldeletra.org.br\/wp-content\/uploads\/2019\/11\/banner-3.jpg","contentUrl":"https:\/\/goldeletra.org.br\/wp-content\/uploads\/2019\/11\/banner-3.jpg","width":1500,"height":531},{"@type":"BreadcrumbList","@id":"https:\/\/goldeletra.org.br\/metodologia\/#breadcrumb","itemListElement":[{"@type":"ListItem","position":1,"name":"Home","item":"https:\/\/goldeletra.org.br\/"},{"@type":"ListItem","position":2,"name":"Metodologia"}]},{"@type":"WebSite","@id":"https:\/\/goldeletra.org.br\/#website","url":"https:\/\/goldeletra.org.br\/","name":"Funda\u00e7\u00e3o Gol de Letra","description":"Organiza\u00e7\u00e3o sem fins lucrativos que contribui com a educa\u00e7\u00e3o de crian\u00e7as e jovens de comunidades populares para que tenham mais perspectivas de vida.","publisher":{"@id":"https:\/\/goldeletra.org.br\/#organization"},"potentialAction":[{"@type":"SearchAction","target":{"@type":"EntryPoint","urlTemplate":"https:\/\/goldeletra.org.br\/?s={search_term_string}"},"query-input":{"@type":"PropertyValueSpecification","valueRequired":true,"valueName":"search_term_string"}}],"inLanguage":"fr"},{"@type":"Organization","@id":"https:\/\/goldeletra.org.br\/#organization","name":"Funda\u00e7\u00e3o Gol de Letra","url":"https:\/\/goldeletra.org.br\/","logo":{"@type":"ImageObject","inLanguage":"fr","@id":"https:\/\/goldeletra.org.br\/#\/schema\/logo\/image\/","url":"https:\/\/goldeletra.org.br\/wp-content\/uploads\/2020\/01\/logo.svg","contentUrl":"https:\/\/goldeletra.org.br\/wp-content\/uploads\/2020\/01\/logo.svg","caption":"Funda\u00e7\u00e3o Gol de Letra"},"image":{"@id":"https:\/\/goldeletra.org.br\/#\/schema\/logo\/image\/"},"sameAs":["https:\/\/www.facebook.com\/FundacaoGolDeLetra","https:\/\/www.instagram.com\/goldeletrabr\/"]}]}},"_links":{"self":[{"href":"https:\/\/goldeletra.org.br\/fr\/wp-json\/wp\/v2\/pages\/108","targetHints":{"allow":["GET"]}}],"collection":[{"href":"https:\/\/goldeletra.org.br\/fr\/wp-json\/wp\/v2\/pages"}],"about":[{"href":"https:\/\/goldeletra.org.br\/fr\/wp-json\/wp\/v2\/types\/page"}],"author":[{"embeddable":true,"href":"https:\/\/goldeletra.org.br\/fr\/wp-json\/wp\/v2\/users\/1"}],"replies":[{"embeddable":true,"href":"https:\/\/goldeletra.org.br\/fr\/wp-json\/wp\/v2\/comments?post=108"}],"version-history":[{"count":89,"href":"https:\/\/goldeletra.org.br\/fr\/wp-json\/wp\/v2\/pages\/108\/revisions"}],"predecessor-version":[{"id":4327,"href":"https:\/\/goldeletra.org.br\/fr\/wp-json\/wp\/v2\/pages\/108\/revisions\/4327"}],"wp:featuredmedia":[{"embeddable":true,"href":"https:\/\/goldeletra.org.br\/fr\/wp-json\/wp\/v2\/media\/756"}],"wp:attachment":[{"href":"https:\/\/goldeletra.org.br\/fr\/wp-json\/wp\/v2\/media?parent=108"}],"curies":[{"name":"wp","href":"https:\/\/api.w.org\/{rel}","templated":true}]}}