{"id":110,"date":"2019-09-26T11:11:17","date_gmt":"2019-09-26T14:11:17","guid":{"rendered":"http:\/\/localhost\/GDL\/wordpress\/?page_id=110"},"modified":"2025-03-22T19:16:18","modified_gmt":"2025-03-22T22:16:18","slug":"programas-e-projetos","status":"publish","type":"page","link":"https:\/\/goldeletra.org.br\/fr\/programas-e-projetos\/","title":{"rendered":"PROGRAMMES"},"content":{"rendered":"\n<h2 class=\"wp-block-heading\">DANS LE MONDE<\/h2>\n\n\n\n<div class=\"wp-block-wpseed-container\">\n<h3 class=\"wp-block-heading\">Plan<\/h3>\n\n\n\n<figure class=\"wp-block-image\"><img decoding=\"async\" src=\"https:\/\/goldeletra.org.br\/wp-content\/uploads\/2021\/02\/mapamundi_disseminacao_FRANC\u00caS.svg\" alt=\"\" class=\"wp-image-3095\"\/><\/figure>\n\n\n\n<p><\/p>\n<\/div>\n\n\n\n<h3 class=\"wp-block-heading\">Essaimage de  notre m\u00e9thode p\u00e9dagogique<\/h3>\n\n\n\n<p>\n\nDepuis 2009, nous proposons d&rsquo;essaimer nos pratiques et m\u00e9thodes d&rsquo;\u00e9ducation int\u00e9grale pour favoriser la transformation sociale. Ainsi nous partageons nos connaissances et retours d&rsquo;exp\u00e9riences avec diverses organisations.&nbsp;<\/p>\n\n\n\n<p>Dans ce cadre, nous offrons des formations et partageons librement nos publications autour de la m\u00e9thode d&rsquo;\u00e9ducation int\u00e9grale d\u00e9velopp\u00e9e par la Fondation Gol de Letra. Ce projet d&rsquo;essaimage est rendu possible gr\u00e2ce au soutien d&rsquo;entreprises et&nbsp; gr\u00e2ce \u00e0 des partenariats institutions.<\/p>\n\n\n\n<p>Nous avons pu mener des projets concrets d&rsquo;essaimage dans diff\u00e9rents \u00e9tats br\u00e9siliens (Minas Gerais, Bahia, S\u00e3o Paulo, Rio Grande do Sul,&nbsp; Rio de Janeiro et Goi\u00e1s, District F\u00e9d\u00e9ral) mais aussi en Afrique (Guin\u00e9e-Bissau) dans un initiative de coop\u00e9ration technique internationale.<\/p>\n","protected":false},"excerpt":{"rendered":"<p>DANS LE MONDE Essaimage de notre m\u00e9thode p\u00e9dagogique Depuis 2009, nous proposons d&rsquo;essaimer nos pratiques et m\u00e9thodes d&rsquo;\u00e9ducation int\u00e9grale pour favoriser la transformation sociale. Ainsi nous partageons nos connaissances et retours d&rsquo;exp\u00e9riences avec diverses organisations.&nbsp; Dans ce cadre, nous offrons des formations et partageons librement nos publications autour de la m\u00e9thode d&rsquo;\u00e9ducation int\u00e9grale d\u00e9velopp\u00e9e par [&hellip;]<\/p>\n","protected":false},"author":1,"featured_media":553,"parent":0,"menu_order":0,"comment_status":"closed","ping_status":"closed","template":"programas-e-projetos.php","meta":{"inline_featured_image":false,"footnotes":""},"class_list":["post-110","page","type-page","status-publish","has-post-thumbnail","hentry"],"yoast_head":"<!-- This site is optimized with the Yoast SEO plugin v26.6 - https:\/\/yoast.com\/wordpress\/plugins\/seo\/ -->\n<title>PROGRAMMES<\/title>\n<meta name=\"robots\" content=\"index, follow, max-snippet:-1, max-image-preview:large, max-video-preview:-1\" \/>\n<link rel=\"canonical\" href=\"https:\/\/goldeletra.org.br\/fr\/programas-e-projetos\/\" \/>\n<meta property=\"og:locale\" content=\"fr_FR\" \/>\n<meta property=\"og:locale:alternate\" content=\"en_US\" \/>\n<meta property=\"og:locale:alternate\" content=\"pt_BR\" \/>\n<meta property=\"og:type\" content=\"article\" \/>\n<meta property=\"og:title\" content=\"PROGRAMMES\" \/>\n<meta property=\"og:description\" content=\"DANS LE MONDE Essaimage de notre m\u00e9thode p\u00e9dagogique Depuis 2009, nous proposons d&rsquo;essaimer nos pratiques et m\u00e9thodes d&rsquo;\u00e9ducation int\u00e9grale pour favoriser la transformation sociale. Ainsi nous partageons nos connaissances et retours d&rsquo;exp\u00e9riences avec diverses organisations.&nbsp; Dans ce cadre, nous offrons des formations et partageons librement nos publications autour de la m\u00e9thode d&rsquo;\u00e9ducation int\u00e9grale d\u00e9velopp\u00e9e par [&hellip;]\" \/>\n<meta property=\"og:url\" content=\"https:\/\/goldeletra.org.br\/fr\/programas-e-projetos\/\" \/>\n<meta property=\"og:site_name\" content=\"Funda\u00e7\u00e3o Gol de Letra\" \/>\n<meta property=\"article:publisher\" content=\"https:\/\/www.facebook.com\/FundacaoGolDeLetra\" \/>\n<meta property=\"article:modified_time\" content=\"2025-03-22T22:16:18+00:00\" \/>\n<meta property=\"og:image\" content=\"https:\/\/goldeletra.org.br\/wp-content\/uploads\/2019\/11\/banner-tarja-3.jpg\" \/>\n\t<meta property=\"og:image:width\" content=\"1600\" \/>\n\t<meta property=\"og:image:height\" content=\"771\" \/>\n\t<meta property=\"og:image:type\" content=\"image\/jpeg\" \/>\n<meta name=\"twitter:card\" content=\"summary_large_image\" \/>\n<meta name=\"twitter:label1\" content=\"Dur\u00e9e de lecture estim\u00e9e\" \/>\n\t<meta name=\"twitter:data1\" content=\"2 minutes\" \/>\n<script type=\"application\/ld+json\" class=\"yoast-schema-graph\">{\"@context\":\"https:\/\/schema.org\",\"@graph\":[{\"@type\":\"WebPage\",\"@id\":\"https:\/\/goldeletra.org.br\/programas-e-projetos\/\",\"url\":\"https:\/\/goldeletra.org.br\/programas-e-projetos\/\",\"name\":\"PROGRAMMES\",\"isPartOf\":{\"@id\":\"https:\/\/goldeletra.org.br\/#website\"},\"primaryImageOfPage\":{\"@id\":\"https:\/\/goldeletra.org.br\/programas-e-projetos\/#primaryimage\"},\"image\":{\"@id\":\"https:\/\/goldeletra.org.br\/programas-e-projetos\/#primaryimage\"},\"thumbnailUrl\":\"https:\/\/goldeletra.org.br\/wp-content\/uploads\/2019\/11\/banner-tarja-3.jpg\",\"datePublished\":\"2019-09-26T14:11:17+00:00\",\"dateModified\":\"2025-03-22T22:16:18+00:00\",\"breadcrumb\":{\"@id\":\"https:\/\/goldeletra.org.br\/programas-e-projetos\/#breadcrumb\"},\"inLanguage\":\"fr\",\"potentialAction\":[{\"@type\":\"ReadAction\",\"target\":[\"https:\/\/goldeletra.org.br\/programas-e-projetos\/\"]}]},{\"@type\":\"ImageObject\",\"inLanguage\":\"fr\",\"@id\":\"https:\/\/goldeletra.org.br\/programas-e-projetos\/#primaryimage\",\"url\":\"https:\/\/goldeletra.org.br\/wp-content\/uploads\/2019\/11\/banner-tarja-3.jpg\",\"contentUrl\":\"https:\/\/goldeletra.org.br\/wp-content\/uploads\/2019\/11\/banner-tarja-3.jpg\",\"width\":1600,\"height\":771},{\"@type\":\"BreadcrumbList\",\"@id\":\"https:\/\/goldeletra.org.br\/programas-e-projetos\/#breadcrumb\",\"itemListElement\":[{\"@type\":\"ListItem\",\"position\":1,\"name\":\"Home\",\"item\":\"https:\/\/goldeletra.org.br\/\"},{\"@type\":\"ListItem\",\"position\":2,\"name\":\"Programas e Projetos\"}]},{\"@type\":\"WebSite\",\"@id\":\"https:\/\/goldeletra.org.br\/#website\",\"url\":\"https:\/\/goldeletra.org.br\/\",\"name\":\"Funda\u00e7\u00e3o Gol de Letra\",\"description\":\"Organiza\u00e7\u00e3o sem fins lucrativos que contribui com a educa\u00e7\u00e3o de crian\u00e7as e jovens de comunidades populares para que tenham mais perspectivas de vida.\",\"publisher\":{\"@id\":\"https:\/\/goldeletra.org.br\/#organization\"},\"potentialAction\":[{\"@type\":\"SearchAction\",\"target\":{\"@type\":\"EntryPoint\",\"urlTemplate\":\"https:\/\/goldeletra.org.br\/?s={search_term_string}\"},\"query-input\":{\"@type\":\"PropertyValueSpecification\",\"valueRequired\":true,\"valueName\":\"search_term_string\"}}],\"inLanguage\":\"fr\"},{\"@type\":\"Organization\",\"@id\":\"https:\/\/goldeletra.org.br\/#organization\",\"name\":\"Funda\u00e7\u00e3o Gol de Letra\",\"url\":\"https:\/\/goldeletra.org.br\/\",\"logo\":{\"@type\":\"ImageObject\",\"inLanguage\":\"fr\",\"@id\":\"https:\/\/goldeletra.org.br\/#\/schema\/logo\/image\/\",\"url\":\"https:\/\/goldeletra.org.br\/wp-content\/uploads\/2020\/01\/logo.svg\",\"contentUrl\":\"https:\/\/goldeletra.org.br\/wp-content\/uploads\/2020\/01\/logo.svg\",\"caption\":\"Funda\u00e7\u00e3o Gol de Letra\"},\"image\":{\"@id\":\"https:\/\/goldeletra.org.br\/#\/schema\/logo\/image\/\"},\"sameAs\":[\"https:\/\/www.facebook.com\/FundacaoGolDeLetra\",\"https:\/\/www.instagram.com\/goldeletrabr\/\"]}]}<\/script>\n<!-- \/ Yoast SEO plugin. -->","yoast_head_json":{"title":"PROGRAMMES","robots":{"index":"index","follow":"follow","max-snippet":"max-snippet:-1","max-image-preview":"max-image-preview:large","max-video-preview":"max-video-preview:-1"},"canonical":"https:\/\/goldeletra.org.br\/fr\/programas-e-projetos\/","og_locale":"fr_FR","og_type":"article","og_title":"[:en]PROGRAMS AND PROJECTS[:pt]Programas e Projetos[:fr]PROGRAMMES[:] - Funda\u00e7\u00e3o Gol de Letra","og_description":"DANS LE MONDE Essaimage de notre m\u00e9thode p\u00e9dagogique Depuis 2009, nous proposons d&rsquo;essaimer nos pratiques et m\u00e9thodes d&rsquo;\u00e9ducation int\u00e9grale pour favoriser la transformation sociale. Ainsi nous partageons nos connaissances et retours d&rsquo;exp\u00e9riences avec diverses organisations.&nbsp; Dans ce cadre, nous offrons des formations et partageons librement nos publications autour de la m\u00e9thode d&rsquo;\u00e9ducation int\u00e9grale d\u00e9velopp\u00e9e par [&hellip;]","og_url":"https:\/\/goldeletra.org.br\/fr\/programas-e-projetos\/","og_site_name":"Funda\u00e7\u00e3o Gol de Letra","article_publisher":"https:\/\/www.facebook.com\/FundacaoGolDeLetra","article_modified_time":"2025-03-22T22:16:18+00:00","og_image":[{"width":1600,"height":771,"url":"https:\/\/goldeletra.org.br\/wp-content\/uploads\/2019\/11\/banner-tarja-3.jpg","type":"image\/jpeg"}],"twitter_card":"summary_large_image","twitter_misc":{"Dur\u00e9e de lecture estim\u00e9e":"2 minutes"},"schema":{"@context":"https:\/\/schema.org","@graph":[{"@type":"WebPage","@id":"https:\/\/goldeletra.org.br\/programas-e-projetos\/","url":"https:\/\/goldeletra.org.br\/programas-e-projetos\/","name":"PROGRAMMES","isPartOf":{"@id":"https:\/\/goldeletra.org.br\/#website"},"primaryImageOfPage":{"@id":"https:\/\/goldeletra.org.br\/programas-e-projetos\/#primaryimage"},"image":{"@id":"https:\/\/goldeletra.org.br\/programas-e-projetos\/#primaryimage"},"thumbnailUrl":"https:\/\/goldeletra.org.br\/wp-content\/uploads\/2019\/11\/banner-tarja-3.jpg","datePublished":"2019-09-26T14:11:17+00:00","dateModified":"2025-03-22T22:16:18+00:00","breadcrumb":{"@id":"https:\/\/goldeletra.org.br\/programas-e-projetos\/#breadcrumb"},"inLanguage":"fr","potentialAction":[{"@type":"ReadAction","target":["https:\/\/goldeletra.org.br\/programas-e-projetos\/"]}]},{"@type":"ImageObject","inLanguage":"fr","@id":"https:\/\/goldeletra.org.br\/programas-e-projetos\/#primaryimage","url":"https:\/\/goldeletra.org.br\/wp-content\/uploads\/2019\/11\/banner-tarja-3.jpg","contentUrl":"https:\/\/goldeletra.org.br\/wp-content\/uploads\/2019\/11\/banner-tarja-3.jpg","width":1600,"height":771},{"@type":"BreadcrumbList","@id":"https:\/\/goldeletra.org.br\/programas-e-projetos\/#breadcrumb","itemListElement":[{"@type":"ListItem","position":1,"name":"Home","item":"https:\/\/goldeletra.org.br\/"},{"@type":"ListItem","position":2,"name":"Programas e Projetos"}]},{"@type":"WebSite","@id":"https:\/\/goldeletra.org.br\/#website","url":"https:\/\/goldeletra.org.br\/","name":"Funda\u00e7\u00e3o Gol de Letra","description":"Organiza\u00e7\u00e3o sem fins lucrativos que contribui com a educa\u00e7\u00e3o de crian\u00e7as e jovens de comunidades populares para que tenham mais perspectivas de vida.","publisher":{"@id":"https:\/\/goldeletra.org.br\/#organization"},"potentialAction":[{"@type":"SearchAction","target":{"@type":"EntryPoint","urlTemplate":"https:\/\/goldeletra.org.br\/?s={search_term_string}"},"query-input":{"@type":"PropertyValueSpecification","valueRequired":true,"valueName":"search_term_string"}}],"inLanguage":"fr"},{"@type":"Organization","@id":"https:\/\/goldeletra.org.br\/#organization","name":"Funda\u00e7\u00e3o Gol de Letra","url":"https:\/\/goldeletra.org.br\/","logo":{"@type":"ImageObject","inLanguage":"fr","@id":"https:\/\/goldeletra.org.br\/#\/schema\/logo\/image\/","url":"https:\/\/goldeletra.org.br\/wp-content\/uploads\/2020\/01\/logo.svg","contentUrl":"https:\/\/goldeletra.org.br\/wp-content\/uploads\/2020\/01\/logo.svg","caption":"Funda\u00e7\u00e3o Gol de Letra"},"image":{"@id":"https:\/\/goldeletra.org.br\/#\/schema\/logo\/image\/"},"sameAs":["https:\/\/www.facebook.com\/FundacaoGolDeLetra","https:\/\/www.instagram.com\/goldeletrabr\/"]}]}},"_links":{"self":[{"href":"https:\/\/goldeletra.org.br\/fr\/wp-json\/wp\/v2\/pages\/110","targetHints":{"allow":["GET"]}}],"collection":[{"href":"https:\/\/goldeletra.org.br\/fr\/wp-json\/wp\/v2\/pages"}],"about":[{"href":"https:\/\/goldeletra.org.br\/fr\/wp-json\/wp\/v2\/types\/page"}],"author":[{"embeddable":true,"href":"https:\/\/goldeletra.org.br\/fr\/wp-json\/wp\/v2\/users\/1"}],"replies":[{"embeddable":true,"href":"https:\/\/goldeletra.org.br\/fr\/wp-json\/wp\/v2\/comments?post=110"}],"version-history":[{"count":48,"href":"https:\/\/goldeletra.org.br\/fr\/wp-json\/wp\/v2\/pages\/110\/revisions"}],"predecessor-version":[{"id":4936,"href":"https:\/\/goldeletra.org.br\/fr\/wp-json\/wp\/v2\/pages\/110\/revisions\/4936"}],"wp:featuredmedia":[{"embeddable":true,"href":"https:\/\/goldeletra.org.br\/fr\/wp-json\/wp\/v2\/media\/553"}],"wp:attachment":[{"href":"https:\/\/goldeletra.org.br\/fr\/wp-json\/wp\/v2\/media?parent=110"}],"curies":[{"name":"wp","href":"https:\/\/api.w.org\/{rel}","templated":true}]}}