{"id":118,"date":"2019-09-26T11:13:28","date_gmt":"2019-09-26T14:13:28","guid":{"rendered":"http:\/\/localhost\/GDL\/wordpress\/?page_id=118"},"modified":"2020-12-01T13:32:58","modified_gmt":"2020-12-01T15:32:58","slug":"socio-titular","status":"publish","type":"page","link":"https:\/\/goldeletra.org.br\/fr\/doe\/socio-titular\/","title":{"rendered":"Faire un don"},"content":{"rendered":"\n<div class=\"tarja\" style=\"background-color:#1CA0D0\"><div class=\"container\"><figure class=\"tarja__figure\"><img decoding=\"async\" src=\"https:\/\/goldeletra.org.br\/wp-content\/uploads\/2020\/06\/LogoSocioTitular.png\" alt=\"\"\/><\/figure><p>Agissons ensemble pour la transformation sociale<\/p><\/div><\/div>\n\n\n\n<div class=\"wp-block-columns has-2-columns is-layout-flex wp-container-core-columns-is-layout-1 wp-block-columns-is-layout-flex\">\n<div class=\"wp-block-column is-layout-flow wp-block-column-is-layout-flow\">\n<figure class=\"wp-block-embed-youtube wp-block-embed is-type-video is-provider-youtube wp-embed-aspect-16-9 wp-has-aspect-ratio\"><div class=\"wp-block-embed__wrapper\">\n<iframe loading=\"lazy\" title=\"S\u00f3cio Titular - Funda\u00e7\u00e3o Gol de Letra\" width=\"500\" height=\"281\" src=\"https:\/\/www.youtube.com\/embed\/kOvcTGyN5A8?feature=oembed\" frameborder=\"0\" allow=\"accelerometer; autoplay; clipboard-write; encrypted-media; gyroscope; picture-in-picture; web-share\" referrerpolicy=\"strict-origin-when-cross-origin\" allowfullscreen><\/iframe>\n<\/div><\/figure>\n<\/div>\n\n\n\n<div class=\"wp-block-column is-layout-flow wp-block-column-is-layout-flow\">\n<div class=\"bloco\" style=\"border:2px solid #F1BA04\"><figure class=\"bloco__figure\"><img decoding=\"async\" src=\"http:\/\/localhost:3000:3000:3000:3000\/GDL\/wordpress\/wp-content\/uploads\/2019\/11\/socio.png\" alt=\"\"\/><\/figure><div class=\"bloco__conteudo\" style=\"color:#F1BA04\"><h4 class=\"bloco__titulo\"><\/h4><p>A partir de seulement <br> <strong>5 euros<\/strong><br> vous pouvez contribuer \u00e0 la transformation de l&rsquo;avenir de milliers d\u2019enfants <\/p><\/div><\/div>\n\n\n\n<p><\/p>\n<\/div>\n<\/div>\n\n\n\n<div class=\"wp-block-columns has-2-columns is-layout-flex wp-container-core-columns-is-layout-2 wp-block-columns-is-layout-flex\">\n<div class=\"wp-block-column is-layout-flow wp-block-column-is-layout-flow\">\n<div class=\"wp-block-wpseed-container\">\n<div class=\"wp-block-button\"><a class=\"wp-block-button__link\" href=\"https:\/\/www.helloasso.com\/associations\/gol-de-letra\/collectes\/paniers-d-alimentation-de-base\">Soutenez nos programmes<\/a><\/div>\n\n\n\n<p><\/p>\n<\/div>\n\n\n\n<\/div>\n\n\n\n<div class=\"wp-block-column is-layout-flow wp-block-column-is-layout-flow\">\n<h3 class=\"wp-block-heading\">FAIRE VIVRE NOS R\u00caVES<\/h3>\n\n\n\n<p>Il y a 20 ans, la Fondation Gol de Letra r\u00eavait d\u2019<strong>un monde meilleur.<\/strong><\/p>\n\n\n\n<p>Un monde qui partagerait <strong>l\u2019esprit d\u2019inclusion du sport<\/strong> et qui transformerait les terrains vagues en terrains de sport.<\/p>\n\n\n\n<p> Transformer une passe en une <strong>opportunit\u00e9<\/strong><br> Transformer les murs qui excluent en <strong>dalles qui incluent.<\/strong><\/p>\n\n\n\n<p> Un monde capable d\u2019accueillir les jeunes pour leur<strong> donner une chance de grandir<\/strong><\/p>\n\n\n\n<p>Mais aujourd\u2019hui, nous savons qu\u2019<strong>il ne suffit pas de r\u00eaver<\/strong><\/p>\n\n\n\n<p> Il faut aussi entrer sur le terrain et <strong>comprendre la r\u00e9alit\u00e9 d\u2019autrui<\/strong><\/p>\n\n\n\n<p>Au-del\u00e0 dur r\u00eave, nous pouvons aussi choisir de jouer ensemble pour la transformation.<\/p>\n<\/div>\n<\/div>\n","protected":false},"excerpt":{"rendered":"<p>A partir de seulement 5 euros vous pouvez contribuer \u00e0 la transformation de l&rsquo;avenir de milliers d\u2019enfants FAIRE VIVRE NOS R\u00caVES Il y a 20 ans, la Fondation Gol de Letra r\u00eavait d\u2019un monde meilleur. Un monde qui partagerait l\u2019esprit d\u2019inclusion du sport et qui transformerait les terrains vagues en terrains de sport. Transformer une [&hellip;]<\/p>\n","protected":false},"author":1,"featured_media":0,"parent":116,"menu_order":0,"comment_status":"closed","ping_status":"closed","template":"","meta":{"inline_featured_image":false,"footnotes":""},"class_list":["post-118","page","type-page","status-publish","hentry"],"yoast_head":"<!-- This site is optimized with the Yoast SEO plugin v26.6 - https:\/\/yoast.com\/wordpress\/plugins\/seo\/ -->\n<title>Faire un don<\/title>\n<meta name=\"robots\" content=\"index, follow, max-snippet:-1, max-image-preview:large, max-video-preview:-1\" \/>\n<link rel=\"canonical\" href=\"https:\/\/goldeletra.org.br\/fr\/doe\/socio-titular\/\" \/>\n<meta property=\"og:locale\" content=\"fr_FR\" \/>\n<meta property=\"og:locale:alternate\" content=\"en_US\" \/>\n<meta property=\"og:locale:alternate\" content=\"pt_BR\" \/>\n<meta property=\"og:type\" content=\"article\" \/>\n<meta property=\"og:title\" content=\"Faire un don\" \/>\n<meta property=\"og:description\" content=\"A partir de seulement 5 euros vous pouvez contribuer \u00e0 la transformation de l&rsquo;avenir de milliers d\u2019enfants FAIRE VIVRE NOS R\u00caVES Il y a 20 ans, la Fondation Gol de Letra r\u00eavait d\u2019un monde meilleur. Un monde qui partagerait l\u2019esprit d\u2019inclusion du sport et qui transformerait les terrains vagues en terrains de sport. Transformer une [&hellip;]\" \/>\n<meta property=\"og:url\" content=\"https:\/\/goldeletra.org.br\/fr\/doe\/socio-titular\/\" \/>\n<meta property=\"og:site_name\" content=\"Funda\u00e7\u00e3o Gol de Letra\" \/>\n<meta property=\"article:publisher\" content=\"https:\/\/www.facebook.com\/FundacaoGolDeLetra\" \/>\n<meta property=\"article:modified_time\" content=\"2020-12-01T15:32:58+00:00\" \/>\n<meta property=\"og:image\" content=\"https:\/\/goldeletra.org.br\/wp-content\/uploads\/2020\/06\/LogoSocioTitular.png\" \/>\n<meta name=\"twitter:card\" content=\"summary_large_image\" \/>\n<meta name=\"twitter:label1\" content=\"Dur\u00e9e de lecture estim\u00e9e\" \/>\n\t<meta name=\"twitter:data1\" content=\"2 minutes\" \/>\n<script type=\"application\/ld+json\" class=\"yoast-schema-graph\">{\"@context\":\"https:\/\/schema.org\",\"@graph\":[{\"@type\":\"WebPage\",\"@id\":\"https:\/\/goldeletra.org.br\/doe\/socio-titular\/\",\"url\":\"https:\/\/goldeletra.org.br\/doe\/socio-titular\/\",\"name\":\"Faire un don\",\"isPartOf\":{\"@id\":\"https:\/\/goldeletra.org.br\/#website\"},\"primaryImageOfPage\":{\"@id\":\"https:\/\/goldeletra.org.br\/doe\/socio-titular\/#primaryimage\"},\"image\":{\"@id\":\"https:\/\/goldeletra.org.br\/doe\/socio-titular\/#primaryimage\"},\"thumbnailUrl\":\"https:\/\/goldeletra.org.br\/wp-content\/uploads\/2020\/06\/LogoSocioTitular.png\",\"datePublished\":\"2019-09-26T14:13:28+00:00\",\"dateModified\":\"2020-12-01T15:32:58+00:00\",\"breadcrumb\":{\"@id\":\"https:\/\/goldeletra.org.br\/doe\/socio-titular\/#breadcrumb\"},\"inLanguage\":\"fr\",\"potentialAction\":[{\"@type\":\"ReadAction\",\"target\":[\"https:\/\/goldeletra.org.br\/doe\/socio-titular\/\"]}]},{\"@type\":\"ImageObject\",\"inLanguage\":\"fr\",\"@id\":\"https:\/\/goldeletra.org.br\/doe\/socio-titular\/#primaryimage\",\"url\":\"https:\/\/goldeletra.org.br\/wp-content\/uploads\/2020\/06\/LogoSocioTitular.png\",\"contentUrl\":\"https:\/\/goldeletra.org.br\/wp-content\/uploads\/2020\/06\/LogoSocioTitular.png\"},{\"@type\":\"BreadcrumbList\",\"@id\":\"https:\/\/goldeletra.org.br\/doe\/socio-titular\/#breadcrumb\",\"itemListElement\":[{\"@type\":\"ListItem\",\"position\":1,\"name\":\"Home\",\"item\":\"https:\/\/goldeletra.org.br\/\"},{\"@type\":\"ListItem\",\"position\":2,\"name\":\"Doe\",\"item\":\"https:\/\/goldeletra.org.br\/doe\/\"},{\"@type\":\"ListItem\",\"position\":3,\"name\":\"Pessoa F\u00edsica\"}]},{\"@type\":\"WebSite\",\"@id\":\"https:\/\/goldeletra.org.br\/#website\",\"url\":\"https:\/\/goldeletra.org.br\/\",\"name\":\"Funda\u00e7\u00e3o Gol de Letra\",\"description\":\"Organiza\u00e7\u00e3o sem fins lucrativos que contribui com a educa\u00e7\u00e3o de crian\u00e7as e jovens de comunidades populares para que tenham mais perspectivas de vida.\",\"publisher\":{\"@id\":\"https:\/\/goldeletra.org.br\/#organization\"},\"potentialAction\":[{\"@type\":\"SearchAction\",\"target\":{\"@type\":\"EntryPoint\",\"urlTemplate\":\"https:\/\/goldeletra.org.br\/?s={search_term_string}\"},\"query-input\":{\"@type\":\"PropertyValueSpecification\",\"valueRequired\":true,\"valueName\":\"search_term_string\"}}],\"inLanguage\":\"fr\"},{\"@type\":\"Organization\",\"@id\":\"https:\/\/goldeletra.org.br\/#organization\",\"name\":\"Funda\u00e7\u00e3o Gol de Letra\",\"url\":\"https:\/\/goldeletra.org.br\/\",\"logo\":{\"@type\":\"ImageObject\",\"inLanguage\":\"fr\",\"@id\":\"https:\/\/goldeletra.org.br\/#\/schema\/logo\/image\/\",\"url\":\"https:\/\/goldeletra.org.br\/wp-content\/uploads\/2020\/01\/logo.svg\",\"contentUrl\":\"https:\/\/goldeletra.org.br\/wp-content\/uploads\/2020\/01\/logo.svg\",\"caption\":\"Funda\u00e7\u00e3o Gol de Letra\"},\"image\":{\"@id\":\"https:\/\/goldeletra.org.br\/#\/schema\/logo\/image\/\"},\"sameAs\":[\"https:\/\/www.facebook.com\/FundacaoGolDeLetra\",\"https:\/\/www.instagram.com\/goldeletrabr\/\"]}]}<\/script>\n<!-- \/ Yoast SEO plugin. -->","yoast_head_json":{"title":"Faire un don","robots":{"index":"index","follow":"follow","max-snippet":"max-snippet:-1","max-image-preview":"max-image-preview:large","max-video-preview":"max-video-preview:-1"},"canonical":"https:\/\/goldeletra.org.br\/fr\/doe\/socio-titular\/","og_locale":"fr_FR","og_type":"article","og_title":"[:pt]Pessoa F\u00edsica[:fr]Faire un don[:] - Funda\u00e7\u00e3o Gol de Letra","og_description":"A partir de seulement 5 euros vous pouvez contribuer \u00e0 la transformation de l&rsquo;avenir de milliers d\u2019enfants FAIRE VIVRE NOS R\u00caVES Il y a 20 ans, la Fondation Gol de Letra r\u00eavait d\u2019un monde meilleur. Un monde qui partagerait l\u2019esprit d\u2019inclusion du sport et qui transformerait les terrains vagues en terrains de sport. Transformer une [&hellip;]","og_url":"https:\/\/goldeletra.org.br\/fr\/doe\/socio-titular\/","og_site_name":"Funda\u00e7\u00e3o Gol de Letra","article_publisher":"https:\/\/www.facebook.com\/FundacaoGolDeLetra","article_modified_time":"2020-12-01T15:32:58+00:00","og_image":[{"url":"https:\/\/goldeletra.org.br\/wp-content\/uploads\/2020\/06\/LogoSocioTitular.png","type":"","width":"","height":""}],"twitter_card":"summary_large_image","twitter_misc":{"Dur\u00e9e de lecture estim\u00e9e":"2 minutes"},"schema":{"@context":"https:\/\/schema.org","@graph":[{"@type":"WebPage","@id":"https:\/\/goldeletra.org.br\/doe\/socio-titular\/","url":"https:\/\/goldeletra.org.br\/doe\/socio-titular\/","name":"Faire un don","isPartOf":{"@id":"https:\/\/goldeletra.org.br\/#website"},"primaryImageOfPage":{"@id":"https:\/\/goldeletra.org.br\/doe\/socio-titular\/#primaryimage"},"image":{"@id":"https:\/\/goldeletra.org.br\/doe\/socio-titular\/#primaryimage"},"thumbnailUrl":"https:\/\/goldeletra.org.br\/wp-content\/uploads\/2020\/06\/LogoSocioTitular.png","datePublished":"2019-09-26T14:13:28+00:00","dateModified":"2020-12-01T15:32:58+00:00","breadcrumb":{"@id":"https:\/\/goldeletra.org.br\/doe\/socio-titular\/#breadcrumb"},"inLanguage":"fr","potentialAction":[{"@type":"ReadAction","target":["https:\/\/goldeletra.org.br\/doe\/socio-titular\/"]}]},{"@type":"ImageObject","inLanguage":"fr","@id":"https:\/\/goldeletra.org.br\/doe\/socio-titular\/#primaryimage","url":"https:\/\/goldeletra.org.br\/wp-content\/uploads\/2020\/06\/LogoSocioTitular.png","contentUrl":"https:\/\/goldeletra.org.br\/wp-content\/uploads\/2020\/06\/LogoSocioTitular.png"},{"@type":"BreadcrumbList","@id":"https:\/\/goldeletra.org.br\/doe\/socio-titular\/#breadcrumb","itemListElement":[{"@type":"ListItem","position":1,"name":"Home","item":"https:\/\/goldeletra.org.br\/"},{"@type":"ListItem","position":2,"name":"Doe","item":"https:\/\/goldeletra.org.br\/doe\/"},{"@type":"ListItem","position":3,"name":"Pessoa F\u00edsica"}]},{"@type":"WebSite","@id":"https:\/\/goldeletra.org.br\/#website","url":"https:\/\/goldeletra.org.br\/","name":"Funda\u00e7\u00e3o Gol de Letra","description":"Organiza\u00e7\u00e3o sem fins lucrativos que contribui com a educa\u00e7\u00e3o de crian\u00e7as e jovens de comunidades populares para que tenham mais perspectivas de vida.","publisher":{"@id":"https:\/\/goldeletra.org.br\/#organization"},"potentialAction":[{"@type":"SearchAction","target":{"@type":"EntryPoint","urlTemplate":"https:\/\/goldeletra.org.br\/?s={search_term_string}"},"query-input":{"@type":"PropertyValueSpecification","valueRequired":true,"valueName":"search_term_string"}}],"inLanguage":"fr"},{"@type":"Organization","@id":"https:\/\/goldeletra.org.br\/#organization","name":"Funda\u00e7\u00e3o Gol de Letra","url":"https:\/\/goldeletra.org.br\/","logo":{"@type":"ImageObject","inLanguage":"fr","@id":"https:\/\/goldeletra.org.br\/#\/schema\/logo\/image\/","url":"https:\/\/goldeletra.org.br\/wp-content\/uploads\/2020\/01\/logo.svg","contentUrl":"https:\/\/goldeletra.org.br\/wp-content\/uploads\/2020\/01\/logo.svg","caption":"Funda\u00e7\u00e3o Gol de Letra"},"image":{"@id":"https:\/\/goldeletra.org.br\/#\/schema\/logo\/image\/"},"sameAs":["https:\/\/www.facebook.com\/FundacaoGolDeLetra","https:\/\/www.instagram.com\/goldeletrabr\/"]}]}},"_links":{"self":[{"href":"https:\/\/goldeletra.org.br\/fr\/wp-json\/wp\/v2\/pages\/118","targetHints":{"allow":["GET"]}}],"collection":[{"href":"https:\/\/goldeletra.org.br\/fr\/wp-json\/wp\/v2\/pages"}],"about":[{"href":"https:\/\/goldeletra.org.br\/fr\/wp-json\/wp\/v2\/types\/page"}],"author":[{"embeddable":true,"href":"https:\/\/goldeletra.org.br\/fr\/wp-json\/wp\/v2\/users\/1"}],"replies":[{"embeddable":true,"href":"https:\/\/goldeletra.org.br\/fr\/wp-json\/wp\/v2\/comments?post=118"}],"version-history":[{"count":27,"href":"https:\/\/goldeletra.org.br\/fr\/wp-json\/wp\/v2\/pages\/118\/revisions"}],"predecessor-version":[{"id":2707,"href":"https:\/\/goldeletra.org.br\/fr\/wp-json\/wp\/v2\/pages\/118\/revisions\/2707"}],"up":[{"embeddable":true,"href":"https:\/\/goldeletra.org.br\/fr\/wp-json\/wp\/v2\/pages\/116"}],"wp:attachment":[{"href":"https:\/\/goldeletra.org.br\/fr\/wp-json\/wp\/v2\/media?parent=118"}],"curies":[{"name":"wp","href":"https:\/\/api.w.org\/{rel}","templated":true}]}}