{"id":120,"date":"2019-09-26T11:13:48","date_gmt":"2019-09-26T14:13:48","guid":{"rendered":"http:\/\/localhost\/GDL\/wordpress\/?page_id=120"},"modified":"2020-12-07T12:37:52","modified_gmt":"2020-12-07T14:37:52","slug":"empresas","status":"publish","type":"page","link":"https:\/\/goldeletra.org.br\/fr\/doe\/empresas\/","title":{"rendered":"Don Entreprises"},"content":{"rendered":"\n<h3 class=\"wp-block-heading\">LES FORMES DE DONS<\/h3>\n\n\n\n<div class=\"wp-block-columns has-3-columns is-layout-flex wp-container-core-columns-is-layout-1 wp-block-columns-is-layout-flex\">\n<div class=\"wp-block-column is-layout-flow wp-block-column-is-layout-flow\">\n<figure class=\"wp-block-image\"><img loading=\"lazy\" decoding=\"async\" width=\"49\" height=\"48\" src=\"http:\/\/localhost:3000:3000\/GDL\/wordpress\/wp-content\/uploads\/2019\/11\/seja.png\" alt=\"\" class=\"wp-image-876\"\/><\/figure>\n\n\n\n<h4 class=\"wp-block-heading\">Devenez partenaire<\/h4>\n\n\n\n<p><strong><em>Partenariat Financier<\/em><\/strong><\/p>\n\n\n\n<p>Partenariat financier en soutien de l\u2019un des programmes en place (\u00e9ducation,\nculture, sport, formation professionnelle) ou en r\u00e9flexion sur l\u2019adaptation d\u2019un\nprogramme existant.<\/p>\n\n\n\n<p>\/<\/p>\n\n\n\n<p><\/p>\n\n\n\n<p><strong><em>Dons de biens et services<\/em><\/strong> (uniquement au Br\u00e9sil)<\/p>\n\n\n\n<p><strong>Informations:<\/strong><\/p>\n\n\n\n<p><strong>Rio de Janeiro<\/strong><\/p>\n\n\n\n<p>+55 <a href=\"tel:+552138959001\">(21) 3895-9001<\/a><\/p>\n\n\n\n<p><strong>S\u00e3o Paulo<\/strong><\/p>\n\n\n\n<p>+55 <a href=\"tel:+551122065522\">(11) 2206-5522<\/a><\/p>\n\n\n\n<p><a href=\"mailto:projetos@goldeletra.com.br\">projetos@goldeletra.com.br<\/a><br><\/p>\n\n\n\n<p><strong>Paris<\/strong><\/p>\n\n\n\n<p>+33 <a href=\"tel:+551122065522\">(7) 8226-7807<\/a><\/p>\n\n\n\n<p><a href=\"mailto:projetos@goldeletra.com.br\">anne.huynh@goldeletra.com.br<\/a><br><\/p>\n<\/div>\n\n\n\n<div class=\"wp-block-column is-layout-flow wp-block-column-is-layout-flow\">\n<figure class=\"wp-block-image\"><img loading=\"lazy\" decoding=\"async\" width=\"48\" height=\"48\" src=\"http:\/\/localhost:3000:3000\/GDL\/wordpress\/wp-content\/uploads\/2019\/11\/campanhas.png\" alt=\"\" class=\"wp-image-877\"\/><\/figure>\n\n\n\n<h4 class=\"wp-block-heading\">Campagnes de mobilisation<\/h4>\n\n\n\n<p>Campagnes ponctuelles de promotion en partenariat avec les marques, pour des dons financiers ou mat\u00e9riels.<\/p>\n\n\n\n<p><strong>Informations:<\/strong><\/p>\n\n\n\n<p><strong>Rio de Janeiro<\/strong><\/p>\n\n\n\n<p>+55<a href=\"tel:+552138959001\">(21) 3895-9001<\/a><\/p>\n\n\n\n<p><strong>S\u00e3o Paulo<\/strong><\/p>\n\n\n\n<p>+55<a href=\"tel:+551122065522\">(11) 2206-5522<\/a><\/p>\n\n\n\n<p><a href=\"mailto:projetos@goldeletra.com.br\">projetos@goldeletra.com.br<\/a><\/p>\n\n\n\n<p><strong>Paris<\/strong><\/p>\n\n\n\n<p>+33<a href=\"tel:+551122065522\">(7) 8226-7807<\/a><\/p>\n\n\n\n<p><a href=\"mailto:projetos@goldeletra.com.br\">anne.huynh@goldeletra.com.br<\/a><\/p>\n<\/div>\n\n\n\n<div class=\"wp-block-column is-layout-flow wp-block-column-is-layout-flow\">\n<figure class=\"wp-block-image\"><img loading=\"lazy\" decoding=\"async\" width=\"48\" height=\"48\" src=\"http:\/\/localhost:3000:3000\/GDL\/wordpress\/wp-content\/uploads\/2019\/11\/campanhas-1.png\" alt=\"\" class=\"wp-image-878\"\/><\/figure>\n\n\n\n<h4 class=\"wp-block-heading\">Tournois Gol de Letra<\/h4>\n\n\n\n<p>Participation d&rsquo;entreprises aux tournois solidaires de football organis\u00e9s chaque ann\u00e9e au Br\u00e9sil (S\u00e3o Paulo, Rio de Janeiro) et en France (Paris), et dont les b\u00e9n\u00e9fices sont revers\u00e9s \u00e0 la Fondation au Br\u00e9sil.<\/p>\n\n\n\n<p><strong>Informations:<\/strong><\/p>\n\n\n\n<p><strong>Rio de Janeiro<\/strong><\/p>\n\n\n\n<p>+55<a href=\"tel:+552138959001\">(21) 3895-9001<\/a><\/p>\n\n\n\n<p><strong>S\u00e3o Paulo<\/strong><\/p>\n\n\n\n<p>+55<a href=\"tel:+551122065522\">(11) 2206-5522<\/a><\/p>\n\n\n\n<p><strong>Paris<\/strong><\/p>\n\n\n\n<p>+33 <a href=\"tel:+551122065522\">(7) 8226-7807<\/a><\/p>\n\n\n\n<p><a href=\"mailto:torneio@goldeletra.com.br\">anne.huynh@goldeletra.com.br<\/a><\/p>\n<\/div>\n<\/div>\n\n\n\n<p style=\"text-align:center\"><strong>Vous avez d&rsquo;autres id\u00e9es pour nous aider en France, veuillez contacter Anne Huynh &nbsp;<\/strong><a rel=\"noreferrer noopener\" href=\"mailto:sociotitular@\" target=\"_blank\">anne.huynh@<\/a><\/p>\n","protected":false},"excerpt":{"rendered":"<p>LES FORMES DE DONS Devenez partenaire Partenariat Financier Partenariat financier en soutien de l\u2019un des programmes en place (\u00e9ducation, culture, sport, formation professionnelle) ou en r\u00e9flexion sur l\u2019adaptation d\u2019un programme existant. \/ Dons de biens et services (uniquement au Br\u00e9sil) Informations: Rio de Janeiro +55 (21) 3895-9001 S\u00e3o Paulo +55 (11) 2206-5522 projetos@goldeletra.com.br Paris +33 [&hellip;]<\/p>\n","protected":false},"author":1,"featured_media":0,"parent":116,"menu_order":0,"comment_status":"closed","ping_status":"closed","template":"","meta":{"inline_featured_image":false,"footnotes":""},"class_list":["post-120","page","type-page","status-publish","hentry"],"yoast_head":"<!-- This site is optimized with the Yoast SEO plugin v26.6 - https:\/\/yoast.com\/wordpress\/plugins\/seo\/ -->\n<title>Don Entreprises<\/title>\n<meta name=\"robots\" content=\"index, follow, max-snippet:-1, max-image-preview:large, max-video-preview:-1\" \/>\n<link rel=\"canonical\" href=\"https:\/\/goldeletra.org.br\/fr\/doe\/empresas\/\" \/>\n<meta property=\"og:locale\" content=\"fr_FR\" \/>\n<meta property=\"og:locale:alternate\" content=\"en_US\" \/>\n<meta property=\"og:locale:alternate\" content=\"pt_BR\" \/>\n<meta property=\"og:type\" content=\"article\" \/>\n<meta property=\"og:title\" content=\"Don Entreprises\" \/>\n<meta property=\"og:description\" content=\"LES FORMES DE DONS Devenez partenaire Partenariat Financier Partenariat financier en soutien de l\u2019un des programmes en place (\u00e9ducation, culture, sport, formation professionnelle) ou en r\u00e9flexion sur l\u2019adaptation d\u2019un programme existant. \/ Dons de biens et services (uniquement au Br\u00e9sil) Informations: Rio de Janeiro +55 (21) 3895-9001 S\u00e3o Paulo +55 (11) 2206-5522 projetos@goldeletra.com.br Paris +33 [&hellip;]\" \/>\n<meta property=\"og:url\" content=\"https:\/\/goldeletra.org.br\/fr\/doe\/empresas\/\" \/>\n<meta property=\"og:site_name\" content=\"Funda\u00e7\u00e3o Gol de Letra\" \/>\n<meta property=\"article:publisher\" content=\"https:\/\/www.facebook.com\/FundacaoGolDeLetra\" \/>\n<meta property=\"article:modified_time\" content=\"2020-12-07T14:37:52+00:00\" \/>\n<meta property=\"og:image\" content=\"https:\/\/goldeletra.org.br\/wp-content\/uploads\/2019\/10\/icon-lampada.svg\" \/>\n<meta name=\"twitter:card\" content=\"summary_large_image\" \/>\n<meta name=\"twitter:label1\" content=\"Dur\u00e9e de lecture estim\u00e9e\" \/>\n\t<meta name=\"twitter:data1\" content=\"3 minutes\" \/>\n<script type=\"application\/ld+json\" class=\"yoast-schema-graph\">{\"@context\":\"https:\/\/schema.org\",\"@graph\":[{\"@type\":\"WebPage\",\"@id\":\"https:\/\/goldeletra.org.br\/doe\/empresas\/\",\"url\":\"https:\/\/goldeletra.org.br\/doe\/empresas\/\",\"name\":\"Don Entreprises\",\"isPartOf\":{\"@id\":\"https:\/\/goldeletra.org.br\/#website\"},\"primaryImageOfPage\":{\"@id\":\"https:\/\/goldeletra.org.br\/doe\/empresas\/#primaryimage\"},\"image\":{\"@id\":\"https:\/\/goldeletra.org.br\/doe\/empresas\/#primaryimage\"},\"thumbnailUrl\":\"https:\/\/goldeletra.org.br\/wp-content\/uploads\/2019\/10\/icon-lampada.svg\",\"datePublished\":\"2019-09-26T14:13:48+00:00\",\"dateModified\":\"2020-12-07T14:37:52+00:00\",\"breadcrumb\":{\"@id\":\"https:\/\/goldeletra.org.br\/doe\/empresas\/#breadcrumb\"},\"inLanguage\":\"fr\",\"potentialAction\":[{\"@type\":\"ReadAction\",\"target\":[\"https:\/\/goldeletra.org.br\/doe\/empresas\/\"]}]},{\"@type\":\"ImageObject\",\"inLanguage\":\"fr\",\"@id\":\"https:\/\/goldeletra.org.br\/doe\/empresas\/#primaryimage\",\"url\":\"https:\/\/goldeletra.org.br\/wp-content\/uploads\/2019\/10\/icon-lampada.svg\",\"contentUrl\":\"https:\/\/goldeletra.org.br\/wp-content\/uploads\/2019\/10\/icon-lampada.svg\"},{\"@type\":\"BreadcrumbList\",\"@id\":\"https:\/\/goldeletra.org.br\/doe\/empresas\/#breadcrumb\",\"itemListElement\":[{\"@type\":\"ListItem\",\"position\":1,\"name\":\"Home\",\"item\":\"https:\/\/goldeletra.org.br\/\"},{\"@type\":\"ListItem\",\"position\":2,\"name\":\"Doe\",\"item\":\"https:\/\/goldeletra.org.br\/doe\/\"},{\"@type\":\"ListItem\",\"position\":3,\"name\":\"Pessoa Jur\u00eddica\"}]},{\"@type\":\"WebSite\",\"@id\":\"https:\/\/goldeletra.org.br\/#website\",\"url\":\"https:\/\/goldeletra.org.br\/\",\"name\":\"Funda\u00e7\u00e3o Gol de Letra\",\"description\":\"Organiza\u00e7\u00e3o sem fins lucrativos que contribui com a educa\u00e7\u00e3o de crian\u00e7as e jovens de comunidades populares para que tenham mais perspectivas de vida.\",\"publisher\":{\"@id\":\"https:\/\/goldeletra.org.br\/#organization\"},\"potentialAction\":[{\"@type\":\"SearchAction\",\"target\":{\"@type\":\"EntryPoint\",\"urlTemplate\":\"https:\/\/goldeletra.org.br\/?s={search_term_string}\"},\"query-input\":{\"@type\":\"PropertyValueSpecification\",\"valueRequired\":true,\"valueName\":\"search_term_string\"}}],\"inLanguage\":\"fr\"},{\"@type\":\"Organization\",\"@id\":\"https:\/\/goldeletra.org.br\/#organization\",\"name\":\"Funda\u00e7\u00e3o Gol de Letra\",\"url\":\"https:\/\/goldeletra.org.br\/\",\"logo\":{\"@type\":\"ImageObject\",\"inLanguage\":\"fr\",\"@id\":\"https:\/\/goldeletra.org.br\/#\/schema\/logo\/image\/\",\"url\":\"https:\/\/goldeletra.org.br\/wp-content\/uploads\/2020\/01\/logo.svg\",\"contentUrl\":\"https:\/\/goldeletra.org.br\/wp-content\/uploads\/2020\/01\/logo.svg\",\"caption\":\"Funda\u00e7\u00e3o Gol de Letra\"},\"image\":{\"@id\":\"https:\/\/goldeletra.org.br\/#\/schema\/logo\/image\/\"},\"sameAs\":[\"https:\/\/www.facebook.com\/FundacaoGolDeLetra\",\"https:\/\/www.instagram.com\/goldeletrabr\/\"]}]}<\/script>\n<!-- \/ Yoast SEO plugin. -->","yoast_head_json":{"title":"Don Entreprises","robots":{"index":"index","follow":"follow","max-snippet":"max-snippet:-1","max-image-preview":"max-image-preview:large","max-video-preview":"max-video-preview:-1"},"canonical":"https:\/\/goldeletra.org.br\/fr\/doe\/empresas\/","og_locale":"fr_FR","og_type":"article","og_title":"[:pt]Pessoa Jur\u00eddica[:fr]Don Entreprises[:] - Funda\u00e7\u00e3o Gol de Letra","og_description":"LES FORMES DE DONS Devenez partenaire Partenariat Financier Partenariat financier en soutien de l\u2019un des programmes en place (\u00e9ducation, culture, sport, formation professionnelle) ou en r\u00e9flexion sur l\u2019adaptation d\u2019un programme existant. \/ Dons de biens et services (uniquement au Br\u00e9sil) Informations: Rio de Janeiro +55 (21) 3895-9001 S\u00e3o Paulo +55 (11) 2206-5522 projetos@goldeletra.com.br Paris +33 [&hellip;]","og_url":"https:\/\/goldeletra.org.br\/fr\/doe\/empresas\/","og_site_name":"Funda\u00e7\u00e3o Gol de Letra","article_publisher":"https:\/\/www.facebook.com\/FundacaoGolDeLetra","article_modified_time":"2020-12-07T14:37:52+00:00","og_image":[{"url":"https:\/\/goldeletra.org.br\/wp-content\/uploads\/2019\/10\/icon-lampada.svg","type":"","width":"","height":""}],"twitter_card":"summary_large_image","twitter_misc":{"Dur\u00e9e de lecture estim\u00e9e":"3 minutes"},"schema":{"@context":"https:\/\/schema.org","@graph":[{"@type":"WebPage","@id":"https:\/\/goldeletra.org.br\/doe\/empresas\/","url":"https:\/\/goldeletra.org.br\/doe\/empresas\/","name":"Don Entreprises","isPartOf":{"@id":"https:\/\/goldeletra.org.br\/#website"},"primaryImageOfPage":{"@id":"https:\/\/goldeletra.org.br\/doe\/empresas\/#primaryimage"},"image":{"@id":"https:\/\/goldeletra.org.br\/doe\/empresas\/#primaryimage"},"thumbnailUrl":"https:\/\/goldeletra.org.br\/wp-content\/uploads\/2019\/10\/icon-lampada.svg","datePublished":"2019-09-26T14:13:48+00:00","dateModified":"2020-12-07T14:37:52+00:00","breadcrumb":{"@id":"https:\/\/goldeletra.org.br\/doe\/empresas\/#breadcrumb"},"inLanguage":"fr","potentialAction":[{"@type":"ReadAction","target":["https:\/\/goldeletra.org.br\/doe\/empresas\/"]}]},{"@type":"ImageObject","inLanguage":"fr","@id":"https:\/\/goldeletra.org.br\/doe\/empresas\/#primaryimage","url":"https:\/\/goldeletra.org.br\/wp-content\/uploads\/2019\/10\/icon-lampada.svg","contentUrl":"https:\/\/goldeletra.org.br\/wp-content\/uploads\/2019\/10\/icon-lampada.svg"},{"@type":"BreadcrumbList","@id":"https:\/\/goldeletra.org.br\/doe\/empresas\/#breadcrumb","itemListElement":[{"@type":"ListItem","position":1,"name":"Home","item":"https:\/\/goldeletra.org.br\/"},{"@type":"ListItem","position":2,"name":"Doe","item":"https:\/\/goldeletra.org.br\/doe\/"},{"@type":"ListItem","position":3,"name":"Pessoa Jur\u00eddica"}]},{"@type":"WebSite","@id":"https:\/\/goldeletra.org.br\/#website","url":"https:\/\/goldeletra.org.br\/","name":"Funda\u00e7\u00e3o Gol de Letra","description":"Organiza\u00e7\u00e3o sem fins lucrativos que contribui com a educa\u00e7\u00e3o de crian\u00e7as e jovens de comunidades populares para que tenham mais perspectivas de vida.","publisher":{"@id":"https:\/\/goldeletra.org.br\/#organization"},"potentialAction":[{"@type":"SearchAction","target":{"@type":"EntryPoint","urlTemplate":"https:\/\/goldeletra.org.br\/?s={search_term_string}"},"query-input":{"@type":"PropertyValueSpecification","valueRequired":true,"valueName":"search_term_string"}}],"inLanguage":"fr"},{"@type":"Organization","@id":"https:\/\/goldeletra.org.br\/#organization","name":"Funda\u00e7\u00e3o Gol de Letra","url":"https:\/\/goldeletra.org.br\/","logo":{"@type":"ImageObject","inLanguage":"fr","@id":"https:\/\/goldeletra.org.br\/#\/schema\/logo\/image\/","url":"https:\/\/goldeletra.org.br\/wp-content\/uploads\/2020\/01\/logo.svg","contentUrl":"https:\/\/goldeletra.org.br\/wp-content\/uploads\/2020\/01\/logo.svg","caption":"Funda\u00e7\u00e3o Gol de Letra"},"image":{"@id":"https:\/\/goldeletra.org.br\/#\/schema\/logo\/image\/"},"sameAs":["https:\/\/www.facebook.com\/FundacaoGolDeLetra","https:\/\/www.instagram.com\/goldeletrabr\/"]}]}},"_links":{"self":[{"href":"https:\/\/goldeletra.org.br\/fr\/wp-json\/wp\/v2\/pages\/120","targetHints":{"allow":["GET"]}}],"collection":[{"href":"https:\/\/goldeletra.org.br\/fr\/wp-json\/wp\/v2\/pages"}],"about":[{"href":"https:\/\/goldeletra.org.br\/fr\/wp-json\/wp\/v2\/types\/page"}],"author":[{"embeddable":true,"href":"https:\/\/goldeletra.org.br\/fr\/wp-json\/wp\/v2\/users\/1"}],"replies":[{"embeddable":true,"href":"https:\/\/goldeletra.org.br\/fr\/wp-json\/wp\/v2\/comments?post=120"}],"version-history":[{"count":24,"href":"https:\/\/goldeletra.org.br\/fr\/wp-json\/wp\/v2\/pages\/120\/revisions"}],"predecessor-version":[{"id":2827,"href":"https:\/\/goldeletra.org.br\/fr\/wp-json\/wp\/v2\/pages\/120\/revisions\/2827"}],"up":[{"embeddable":true,"href":"https:\/\/goldeletra.org.br\/fr\/wp-json\/wp\/v2\/pages\/116"}],"wp:attachment":[{"href":"https:\/\/goldeletra.org.br\/fr\/wp-json\/wp\/v2\/media?parent=120"}],"curies":[{"name":"wp","href":"https:\/\/api.w.org\/{rel}","templated":true}]}}