{"id":795,"date":"2019-11-21T11:45:48","date_gmt":"2019-11-21T13:45:48","guid":{"rendered":"http:\/\/localhost\/GDL\/wordpress\/?page_id=795"},"modified":"2025-04-25T10:36:24","modified_gmt":"2025-04-25T13:36:24","slug":"contato","status":"publish","type":"page","link":"https:\/\/goldeletra.org.br\/fr\/contato\/","title":{"rendered":"Contact"},"content":{"rendered":"\n<h3 class=\"wp-block-heading\">Contact <\/h3>\n\n\n\n<div class=\"wp-block-columns has-2-columns is-layout-flex wp-container-core-columns-is-layout-1 wp-block-columns-is-layout-flex\">\n<div class=\"wp-block-column is-layout-flow wp-block-column-is-layout-flow\">\n<div class=\"wpcf7 no-js\" id=\"wpcf7-f551-o1\" lang=\"pt-BR\" dir=\"ltr\" data-wpcf7-id=\"551\">\n<div class=\"screen-reader-response\"><p role=\"status\" aria-live=\"polite\" aria-atomic=\"true\"><\/p> <ul><\/ul><\/div>\n<form action=\"\/fr\/wp-json\/wp\/v2\/pages\/795#wpcf7-f551-o1\" method=\"post\" class=\"wpcf7-form init\" aria-label=\"Formul\u00e1rios de contato\" novalidate=\"novalidate\" data-status=\"init\">\n<fieldset class=\"hidden-fields-container\"><input type=\"hidden\" name=\"_wpcf7\" value=\"551\" \/><input type=\"hidden\" name=\"_wpcf7_version\" value=\"6.1.4\" \/><input type=\"hidden\" name=\"_wpcf7_locale\" value=\"pt_BR\" \/><input type=\"hidden\" name=\"_wpcf7_unit_tag\" value=\"wpcf7-f551-o1\" \/><input type=\"hidden\" name=\"_wpcf7_container_post\" value=\"0\" \/><input type=\"hidden\" name=\"_wpcf7_posted_data_hash\" value=\"\" \/><input type=\"hidden\" name=\"lang\" value=\"fr\" \/><input type=\"hidden\" name=\"_wpcf7_recaptcha_response\" value=\"\" \/>\n<\/fieldset>\n<p><label class=\"required\">Pr\u00e9nom et Nom:<\/label><br \/>\n<span class=\"wpcf7-form-control-wrap\" data-name=\"nome\"><input size=\"40\" maxlength=\"400\" class=\"wpcf7-form-control wpcf7-text wpcf7-validates-as-required\" aria-required=\"true\" aria-invalid=\"false\" value=\"\" type=\"text\" name=\"nome\" \/><\/span>\n<\/p>\n<p><label class=\"required\">Email:<\/label><br \/>\n<span class=\"wpcf7-form-control-wrap\" data-name=\"email\"><input size=\"40\" maxlength=\"400\" class=\"wpcf7-form-control wpcf7-email wpcf7-validates-as-required wpcf7-text wpcf7-validates-as-email\" aria-required=\"true\" aria-invalid=\"false\" value=\"\" type=\"email\" name=\"email\" \/><\/span>\n<\/p>\n<p><label>T\u00e9l\u00e9phone:<\/label><br \/>\n<span class=\"wpcf7-form-control-wrap\" data-name=\"telefone\"><input size=\"40\" maxlength=\"400\" class=\"wpcf7-form-control wpcf7-tel wpcf7-text wpcf7-validates-as-tel\" aria-invalid=\"false\" value=\"\" type=\"tel\" name=\"telefone\" \/><\/span>\n<\/p>\n<p><label>Je voudrais recevoir la lettre d\u2019information mensuelle de la Fondation Gol de Letra<\/label><br \/>\n<span class=\"wpcf7-form-control-wrap\" data-name=\"receber-boletim\"><span class=\"wpcf7-form-control wpcf7-radio\"><span class=\"wpcf7-list-item first\"><label><input type=\"radio\" name=\"receber-boletim\" value=\"Oui\" checked=\"checked\" \/><span class=\"wpcf7-list-item-label\">Oui<\/span><\/label><\/span><span class=\"wpcf7-list-item last\"><label><input type=\"radio\" name=\"receber-boletim\" value=\"Non\" \/><span class=\"wpcf7-list-item-label\">Non<\/span><\/label><\/span><\/span><\/span>\n<\/p>\n<p><label>Je souhaite en savoir plus sur le programme Partenaire Titulaire<\/label><br \/>\n<span class=\"wpcf7-form-control-wrap\" data-name=\"saber-mais-socio-titular\"><span class=\"wpcf7-form-control wpcf7-radio\"><span class=\"wpcf7-list-item first\"><label><input type=\"radio\" name=\"saber-mais-socio-titular\" value=\"Oui\" checked=\"checked\" \/><span class=\"wpcf7-list-item-label\">Oui<\/span><\/label><\/span><span class=\"wpcf7-list-item last\"><label><input type=\"radio\" name=\"saber-mais-socio-titular\" value=\"Non\" \/><span class=\"wpcf7-list-item-label\">Non<\/span><\/label><\/span><\/span><\/span>\n<\/p>\n<p><label class=\"required\">Message:<\/label><br \/>\n<span class=\"wpcf7-form-control-wrap\" data-name=\"mensagem\"><textarea cols=\"40\" rows=\"10\" maxlength=\"2000\" class=\"wpcf7-form-control wpcf7-textarea wpcf7-validates-as-required\" aria-required=\"true\" aria-invalid=\"false\" name=\"mensagem\"><\/textarea><\/span>\n<\/p>\n<p><span id=\"wpcf7-69d25d7f46976-wrapper\" class=\"wpcf7-form-control-wrap website-wrap\" ><label for=\"wpcf7-69d25d7f46976-field\" class=\"hp-message\">Please leave this field empty.<\/label><input id=\"wpcf7-69d25d7f46976-field\"  class=\"wpcf7-form-control wpcf7-text\" type=\"text\" name=\"website\" value=\"\" size=\"40\" tabindex=\"-1\" autocomplete=\"new-password\" \/><\/span>\n<\/p>\n<span class=\"wpcf7-form-control-wrap recaptcha\" data-name=\"recaptcha\"><span data-sitekey=\"6Le4TNYmAAAAALVXlb4lPtDk_f5CyN0K7uCxKfFm\" class=\"wpcf7-form-control wpcf7-recaptcha g-recaptcha\"><\/span>\r\n<noscript>\r\n\t<div class=\"grecaptcha-noscript\">\r\n\t\t<iframe loading=\"lazy\" src=\"https:\/\/www.google.com\/recaptcha\/api\/fallback?k=6Le4TNYmAAAAALVXlb4lPtDk_f5CyN0K7uCxKfFm\" frameborder=\"0\" scrolling=\"no\" width=\"310\" height=\"430\">\r\n\t\t<\/iframe>\r\n\t\t<textarea name=\"g-recaptcha-response\" rows=\"3\" cols=\"40\" placeholder=\"reCaptcha Response Here\">\r\n\t\t<\/textarea>\r\n\t<\/div>\r\n<\/noscript>\r\n<\/span>\n<p><input class=\"wpcf7-form-control wpcf7-submit has-spinner\" type=\"submit\" value=\"Enregistrer\" \/>\n<\/p><p style=\"display: none !important;\" class=\"akismet-fields-container\" data-prefix=\"_wpcf7_ak_\"><label>&#916;<textarea name=\"_wpcf7_ak_hp_textarea\" cols=\"45\" rows=\"8\" maxlength=\"100\"><\/textarea><\/label><input type=\"hidden\" id=\"ak_js_1\" name=\"_wpcf7_ak_js\" value=\"216\"\/><script>document.getElementById( \"ak_js_1\" ).setAttribute( \"value\", ( new Date() ).getTime() );<\/script><\/p><div class=\"wpcf7-response-output\" aria-hidden=\"true\"><\/div>\n<\/form>\n<\/div>\n\n<\/div>\n\n\n\n<div class=\"wp-block-column is-layout-flow wp-block-column-is-layout-flow\">\n<p><strong>France<\/strong>: +337 8226 7807<br><strong>115 rue du Ranelagh \u2013 75016 Paris- Paris &#8211; FR<\/strong>.<\/p>\n\n\n\n<iframe src=\"https:\/\/www.google.com\/maps\/embed?pb=!1m18!1m12!1m3!1d2625.1265905083897!2d2.266005075464332!3d48.85579640089038!2m3!1f0!2f0!3f0!3m2!1i1024!2i768!4f13.1!3m3!1m2!1s0x47e67aad02a1161d%3A0x98893a8c86c2c198!2s115%20Rue%20du%20Ranelagh%2C%2075016%20Paris%2C%20Fran%C3%A7a!5e0!3m2!1spt-BR!2sbr!4v1708611518999!5m2!1spt-BR!2sbr\" width=\"600\" height=\"450\" style=\"border:0;\" allowfullscreen=\"\" loading=\"lazy\" referrerpolicy=\"no-referrer-when-downgrade\"><\/iframe>\n\n\n\n<p><strong>Rio de Janeiro:<\/strong>&nbsp;(21) 3895-9001<br>Rua Carlos Seidl n\u00ba 1.141C &#8211; Caju &#8211; RJ &#8211;&nbsp;CEP: 20931-004 <\/p>\n\n\n\n<figure><iframe src=\"https:\/\/www.google.com\/maps\/embed?pb=!1m14!1m8!1m3!1d470520.9151180255!2d-43.22412!3d-22.878503!3m2!1i1024!2i768!4f13.1!3m3!1m2!1s0x997ece343cd75d%3A0xb7f6615de6484309!2sR.%20Carlos%20Seidl%2C%201141%20-%20Caju%2C%20Rio%20de%20Janeiro%20-%20RJ%2C%2020931-004%2C%20Brazil!5e0!3m2!1sen!2sus!4v1574354102932!5m2!1sen!2sus\" allowfullscreen=\"\"><\/iframe><\/figure>\n\n\n\n<p><strong>S\u00e3o Paulo:<\/strong>&nbsp;(11) 2206-5520<br>Av. Nova Cantareira, n\u00ba 5.078 &#8211; Vila Albertina \u2013 SP &#8211;&nbsp;CEP: 02340-002<\/p>\n\n\n\n<figure><iframe src=\"https:\/\/www.google.com\/maps\/embed?pb=!1m14!1m8!1m3!1d468493.58807644865!2d-46.614306!3d-23.456635!3m2!1i1024!2i768!4f13.1!3m3!1m2!1s0x94cef6f292d4b7e1%3A0x2599bca67fa4bff7!2sAv.%20Nova%20Cantareira%2C%205078%20-%20Tucuruvi%2C%20S%C3%A3o%20Paulo%20-%20SP%2C%2002340-002%2C%20Brazil!5e0!3m2!1sen!2sus!4v1574354185928!5m2!1sen!2sus\" allowfullscreen=\"\"><\/iframe><\/figure>\n\n\n\n<p><\/p>\n<\/div>\n<\/div>\n\n\n\n<h3 class=\"wp-block-heading\">Salle de presse<\/h3>\n\n\n\n<p>Pour les demandes d\u2019interviews et de renseignements presse en France, veuillez contacter<\/p>\n\n\n\n<div class=\"wp-block-columns has-2-columns is-layout-flex wp-container-core-columns-is-layout-2 wp-block-columns-is-layout-flex\">\n<div class=\"wp-block-column is-layout-flow wp-block-column-is-layout-flow\">\n<p><strong>FRANCE<\/strong><\/p>\n\n\n\n<p>Anne Huynh <br> +33 7 82 26 78 07 <br><a href=\"anne.huynh@\">anne.huynh@<\/a>goldeletra.org.br <br><\/p>\n<\/div>\n\n\n\n<div class=\"wp-block-column is-layout-flow wp-block-column-is-layout-flow\">\n<p><\/p>\n<\/div>\n<\/div>\n\n\n\n<h3 class=\"wp-block-heading\">Visites<\/h3>\n\n\n\n<p><strong>S\u00e3o Paulo (Vila Albertina)<\/strong>: Veuillez envoyer un courriel \u00e0 <a href=\"comunicacao@\">comunicacao@<\/a> en indiquant vos noms et coordonn\u00e9es t\u00e9l\u00e9phoniques.<\/p>\n\n\n\n<p><strong>Rio de Janeiro (Caju)<\/strong>: Appelez le +55 (21) 3895-9001<\/p>\n\n\n\n<h3 class=\"wp-block-heading\">Nous rejoindre<\/h3>\n\n\n\n<p>Si vous souhaitez nous rejoindre, envoyez votre CV \u00e0:<\/p>\n\n\n\n<p><strong>S\u00e3o Paulo (Vila Albertina):<\/strong>&nbsp;<a href=\"mailto:rh.sp@\">rh.sp@<\/a><\/p>\n\n\n\n<p><strong>Rio de Janeiro (Caju):<\/strong>&nbsp;<a href=\"mailto:rh.rj@\">rh.rj@<\/a><\/p>\n\n\n\n<h3 class=\"wp-block-heading\">B\u00e9n\u00e9volat<\/h3>\n\n\n\n<p>Pour nous rejoindre en tant que b\u00e9n\u00e9vole, merci de demander un formulaire d\u2019inscription \u00e0 <a href=\"anne.huynh@\"><strong>anne.huynh@<\/strong><\/a>goldeletra.org.br<\/p>\n","protected":false},"excerpt":{"rendered":"<p>Contact France: +337 8226 7807115 rue du Ranelagh \u2013 75016 Paris- Paris &#8211; FR. Rio de Janeiro:&nbsp;(21) 3895-9001Rua Carlos Seidl n\u00ba 1.141C &#8211; Caju &#8211; RJ &#8211;&nbsp;CEP: 20931-004 S\u00e3o Paulo:&nbsp;(11) 2206-5520Av. Nova Cantareira, n\u00ba 5.078 &#8211; Vila Albertina \u2013 SP &#8211;&nbsp;CEP: 02340-002 Salle de presse Pour les demandes d\u2019interviews et de renseignements presse en France, [&hellip;]<\/p>\n","protected":false},"author":1,"featured_media":6058,"parent":0,"menu_order":0,"comment_status":"closed","ping_status":"closed","template":"","meta":{"inline_featured_image":false,"footnotes":""},"class_list":["post-795","page","type-page","status-publish","has-post-thumbnail","hentry"],"yoast_head":"<!-- This site is optimized with the Yoast SEO plugin v26.6 - https:\/\/yoast.com\/wordpress\/plugins\/seo\/ -->\n<title>Contact<\/title>\n<meta name=\"robots\" content=\"index, follow, max-snippet:-1, max-image-preview:large, max-video-preview:-1\" \/>\n<link rel=\"canonical\" href=\"https:\/\/goldeletra.org.br\/fr\/contato\/\" \/>\n<meta property=\"og:locale\" content=\"fr_FR\" \/>\n<meta property=\"og:locale:alternate\" content=\"en_US\" \/>\n<meta property=\"og:locale:alternate\" content=\"pt_BR\" \/>\n<meta property=\"og:type\" content=\"article\" \/>\n<meta property=\"og:title\" content=\"Contact\" \/>\n<meta property=\"og:description\" content=\"Contact France: +337 8226 7807115 rue du Ranelagh \u2013 75016 Paris- Paris &#8211; FR. Rio de Janeiro:&nbsp;(21) 3895-9001Rua Carlos Seidl n\u00ba 1.141C &#8211; Caju &#8211; RJ &#8211;&nbsp;CEP: 20931-004 S\u00e3o Paulo:&nbsp;(11) 2206-5520Av. Nova Cantareira, n\u00ba 5.078 &#8211; Vila Albertina \u2013 SP &#8211;&nbsp;CEP: 02340-002 Salle de presse Pour les demandes d\u2019interviews et de renseignements presse en France, [&hellip;]\" \/>\n<meta property=\"og:url\" content=\"https:\/\/goldeletra.org.br\/fr\/contato\/\" \/>\n<meta property=\"og:site_name\" content=\"Funda\u00e7\u00e3o Gol de Letra\" \/>\n<meta property=\"article:publisher\" content=\"https:\/\/www.facebook.com\/FundacaoGolDeLetra\" \/>\n<meta property=\"article:modified_time\" content=\"2025-04-25T13:36:24+00:00\" \/>\n<meta property=\"og:image\" content=\"https:\/\/goldeletra.org.br\/wp-content\/uploads\/2025\/04\/Design-sem-nome-17-e1745533585198-1024x224.png\" \/>\n\t<meta property=\"og:image:width\" content=\"1024\" \/>\n\t<meta property=\"og:image:height\" content=\"224\" \/>\n\t<meta property=\"og:image:type\" content=\"image\/png\" \/>\n<meta name=\"twitter:card\" content=\"summary_large_image\" \/>\n<meta name=\"twitter:label1\" content=\"Dur\u00e9e de lecture estim\u00e9e\" \/>\n\t<meta name=\"twitter:data1\" content=\"2 minutes\" \/>\n<script type=\"application\/ld+json\" class=\"yoast-schema-graph\">{\"@context\":\"https:\/\/schema.org\",\"@graph\":[{\"@type\":\"WebPage\",\"@id\":\"https:\/\/goldeletra.org.br\/contato\/\",\"url\":\"https:\/\/goldeletra.org.br\/contato\/\",\"name\":\"Contact\",\"isPartOf\":{\"@id\":\"https:\/\/goldeletra.org.br\/#website\"},\"primaryImageOfPage\":{\"@id\":\"https:\/\/goldeletra.org.br\/contato\/#primaryimage\"},\"image\":{\"@id\":\"https:\/\/goldeletra.org.br\/contato\/#primaryimage\"},\"thumbnailUrl\":\"https:\/\/goldeletra.org.br\/wp-content\/uploads\/2025\/04\/Design-sem-nome-17-e1745533585198.png\",\"datePublished\":\"2019-11-21T13:45:48+00:00\",\"dateModified\":\"2025-04-25T13:36:24+00:00\",\"breadcrumb\":{\"@id\":\"https:\/\/goldeletra.org.br\/contato\/#breadcrumb\"},\"inLanguage\":\"fr\",\"potentialAction\":[{\"@type\":\"ReadAction\",\"target\":[\"https:\/\/goldeletra.org.br\/contato\/\"]}]},{\"@type\":\"ImageObject\",\"inLanguage\":\"fr\",\"@id\":\"https:\/\/goldeletra.org.br\/contato\/#primaryimage\",\"url\":\"https:\/\/goldeletra.org.br\/wp-content\/uploads\/2025\/04\/Design-sem-nome-17-e1745533585198.png\",\"contentUrl\":\"https:\/\/goldeletra.org.br\/wp-content\/uploads\/2025\/04\/Design-sem-nome-17-e1745533585198.png\",\"width\":2955,\"height\":645},{\"@type\":\"BreadcrumbList\",\"@id\":\"https:\/\/goldeletra.org.br\/contato\/#breadcrumb\",\"itemListElement\":[{\"@type\":\"ListItem\",\"position\":1,\"name\":\"Home\",\"item\":\"https:\/\/goldeletra.org.br\/\"},{\"@type\":\"ListItem\",\"position\":2,\"name\":\"Contato\"}]},{\"@type\":\"WebSite\",\"@id\":\"https:\/\/goldeletra.org.br\/#website\",\"url\":\"https:\/\/goldeletra.org.br\/\",\"name\":\"Funda\u00e7\u00e3o Gol de Letra\",\"description\":\"Organiza\u00e7\u00e3o sem fins lucrativos que contribui com a educa\u00e7\u00e3o de crian\u00e7as e jovens de comunidades populares para que tenham mais perspectivas de vida.\",\"publisher\":{\"@id\":\"https:\/\/goldeletra.org.br\/#organization\"},\"potentialAction\":[{\"@type\":\"SearchAction\",\"target\":{\"@type\":\"EntryPoint\",\"urlTemplate\":\"https:\/\/goldeletra.org.br\/?s={search_term_string}\"},\"query-input\":{\"@type\":\"PropertyValueSpecification\",\"valueRequired\":true,\"valueName\":\"search_term_string\"}}],\"inLanguage\":\"fr\"},{\"@type\":\"Organization\",\"@id\":\"https:\/\/goldeletra.org.br\/#organization\",\"name\":\"Funda\u00e7\u00e3o Gol de Letra\",\"url\":\"https:\/\/goldeletra.org.br\/\",\"logo\":{\"@type\":\"ImageObject\",\"inLanguage\":\"fr\",\"@id\":\"https:\/\/goldeletra.org.br\/#\/schema\/logo\/image\/\",\"url\":\"https:\/\/goldeletra.org.br\/wp-content\/uploads\/2020\/01\/logo.svg\",\"contentUrl\":\"https:\/\/goldeletra.org.br\/wp-content\/uploads\/2020\/01\/logo.svg\",\"caption\":\"Funda\u00e7\u00e3o Gol de Letra\"},\"image\":{\"@id\":\"https:\/\/goldeletra.org.br\/#\/schema\/logo\/image\/\"},\"sameAs\":[\"https:\/\/www.facebook.com\/FundacaoGolDeLetra\",\"https:\/\/www.instagram.com\/goldeletrabr\/\"]}]}<\/script>\n<!-- \/ Yoast SEO plugin. -->","yoast_head_json":{"title":"Contact","robots":{"index":"index","follow":"follow","max-snippet":"max-snippet:-1","max-image-preview":"max-image-preview:large","max-video-preview":"max-video-preview:-1"},"canonical":"https:\/\/goldeletra.org.br\/fr\/contato\/","og_locale":"fr_FR","og_type":"article","og_title":"[:en]CONTACT AND LOCALIZATION[:pt]Contato[:fr]Contact[:] - Funda\u00e7\u00e3o Gol de Letra","og_description":"Contact France: +337 8226 7807115 rue du Ranelagh \u2013 75016 Paris- Paris &#8211; FR. Rio de Janeiro:&nbsp;(21) 3895-9001Rua Carlos Seidl n\u00ba 1.141C &#8211; Caju &#8211; RJ &#8211;&nbsp;CEP: 20931-004 S\u00e3o Paulo:&nbsp;(11) 2206-5520Av. Nova Cantareira, n\u00ba 5.078 &#8211; Vila Albertina \u2013 SP &#8211;&nbsp;CEP: 02340-002 Salle de presse Pour les demandes d\u2019interviews et de renseignements presse en France, [&hellip;]","og_url":"https:\/\/goldeletra.org.br\/fr\/contato\/","og_site_name":"Funda\u00e7\u00e3o Gol de Letra","article_publisher":"https:\/\/www.facebook.com\/FundacaoGolDeLetra","article_modified_time":"2025-04-25T13:36:24+00:00","og_image":[{"width":1024,"height":224,"url":"https:\/\/goldeletra.org.br\/wp-content\/uploads\/2025\/04\/Design-sem-nome-17-e1745533585198-1024x224.png","type":"image\/png"}],"twitter_card":"summary_large_image","twitter_misc":{"Dur\u00e9e de lecture estim\u00e9e":"2 minutes"},"schema":{"@context":"https:\/\/schema.org","@graph":[{"@type":"WebPage","@id":"https:\/\/goldeletra.org.br\/contato\/","url":"https:\/\/goldeletra.org.br\/contato\/","name":"Contact","isPartOf":{"@id":"https:\/\/goldeletra.org.br\/#website"},"primaryImageOfPage":{"@id":"https:\/\/goldeletra.org.br\/contato\/#primaryimage"},"image":{"@id":"https:\/\/goldeletra.org.br\/contato\/#primaryimage"},"thumbnailUrl":"https:\/\/goldeletra.org.br\/wp-content\/uploads\/2025\/04\/Design-sem-nome-17-e1745533585198.png","datePublished":"2019-11-21T13:45:48+00:00","dateModified":"2025-04-25T13:36:24+00:00","breadcrumb":{"@id":"https:\/\/goldeletra.org.br\/contato\/#breadcrumb"},"inLanguage":"fr","potentialAction":[{"@type":"ReadAction","target":["https:\/\/goldeletra.org.br\/contato\/"]}]},{"@type":"ImageObject","inLanguage":"fr","@id":"https:\/\/goldeletra.org.br\/contato\/#primaryimage","url":"https:\/\/goldeletra.org.br\/wp-content\/uploads\/2025\/04\/Design-sem-nome-17-e1745533585198.png","contentUrl":"https:\/\/goldeletra.org.br\/wp-content\/uploads\/2025\/04\/Design-sem-nome-17-e1745533585198.png","width":2955,"height":645},{"@type":"BreadcrumbList","@id":"https:\/\/goldeletra.org.br\/contato\/#breadcrumb","itemListElement":[{"@type":"ListItem","position":1,"name":"Home","item":"https:\/\/goldeletra.org.br\/"},{"@type":"ListItem","position":2,"name":"Contato"}]},{"@type":"WebSite","@id":"https:\/\/goldeletra.org.br\/#website","url":"https:\/\/goldeletra.org.br\/","name":"Funda\u00e7\u00e3o Gol de Letra","description":"Organiza\u00e7\u00e3o sem fins lucrativos que contribui com a educa\u00e7\u00e3o de crian\u00e7as e jovens de comunidades populares para que tenham mais perspectivas de vida.","publisher":{"@id":"https:\/\/goldeletra.org.br\/#organization"},"potentialAction":[{"@type":"SearchAction","target":{"@type":"EntryPoint","urlTemplate":"https:\/\/goldeletra.org.br\/?s={search_term_string}"},"query-input":{"@type":"PropertyValueSpecification","valueRequired":true,"valueName":"search_term_string"}}],"inLanguage":"fr"},{"@type":"Organization","@id":"https:\/\/goldeletra.org.br\/#organization","name":"Funda\u00e7\u00e3o Gol de Letra","url":"https:\/\/goldeletra.org.br\/","logo":{"@type":"ImageObject","inLanguage":"fr","@id":"https:\/\/goldeletra.org.br\/#\/schema\/logo\/image\/","url":"https:\/\/goldeletra.org.br\/wp-content\/uploads\/2020\/01\/logo.svg","contentUrl":"https:\/\/goldeletra.org.br\/wp-content\/uploads\/2020\/01\/logo.svg","caption":"Funda\u00e7\u00e3o Gol de Letra"},"image":{"@id":"https:\/\/goldeletra.org.br\/#\/schema\/logo\/image\/"},"sameAs":["https:\/\/www.facebook.com\/FundacaoGolDeLetra","https:\/\/www.instagram.com\/goldeletrabr\/"]}]}},"_links":{"self":[{"href":"https:\/\/goldeletra.org.br\/fr\/wp-json\/wp\/v2\/pages\/795","targetHints":{"allow":["GET"]}}],"collection":[{"href":"https:\/\/goldeletra.org.br\/fr\/wp-json\/wp\/v2\/pages"}],"about":[{"href":"https:\/\/goldeletra.org.br\/fr\/wp-json\/wp\/v2\/types\/page"}],"author":[{"embeddable":true,"href":"https:\/\/goldeletra.org.br\/fr\/wp-json\/wp\/v2\/users\/1"}],"replies":[{"embeddable":true,"href":"https:\/\/goldeletra.org.br\/fr\/wp-json\/wp\/v2\/comments?post=795"}],"version-history":[{"count":136,"href":"https:\/\/goldeletra.org.br\/fr\/wp-json\/wp\/v2\/pages\/795\/revisions"}],"predecessor-version":[{"id":6061,"href":"https:\/\/goldeletra.org.br\/fr\/wp-json\/wp\/v2\/pages\/795\/revisions\/6061"}],"wp:featuredmedia":[{"embeddable":true,"href":"https:\/\/goldeletra.org.br\/fr\/wp-json\/wp\/v2\/media\/6058"}],"wp:attachment":[{"href":"https:\/\/goldeletra.org.br\/fr\/wp-json\/wp\/v2\/media?parent=795"}],"curies":[{"name":"wp","href":"https:\/\/api.w.org\/{rel}","templated":true}]}}